{"id":58,"date":"2014-06-25T17:59:53","date_gmt":"2014-06-25T15:59:53","guid":{"rendered":"http:\/\/cuba.evolutiontravel.it\/infovacanze\/?page_id=58"},"modified":"2019-06-18T10:25:20","modified_gmt":"2019-06-18T08:25:20","slug":"cuba-tour-operator","status":"publish","type":"page","link":"https:\/\/cuba.evolutiontravel.it\/infovacanze\/informazioni\/cuba-tour-operator\/","title":{"rendered":"Tour operator Cuba"},"content":{"rendered":"<p>I <strong>tour operator per Cuba<\/strong> sono la soluzione migliore per fare una vacanza sull&#8217;isola caraibica<span class=\"st\">. Infatti i nostri operatori turistici <strong>conoscono perfettamente Cuba<\/strong> e quindi posso proporti <strong>itinerari e tour su misura<\/strong>!<\/span><\/p>\n<p>Certo, i c.d. &#8220;turisti fai da te&#8221; grazie a Internet possono organizzare le vacanze in modo pi\u00f9 veloce, per\u00f2 quando si viaggia in paesi cos\u00ec lontanti e diversi dal nostro \u00e8 <strong>meglio farsi consigliare da chi \u00e8 un vero specialista della destinazione<\/strong>.<\/p>\n<p>E infatti a Cuba ci sono<strong> tanti itinerari anche &#8220;non turistici&#8221;<\/strong> che\u00a0solo un tour operator che lavora da anni qui pu\u00f2 conoscere.<\/p>\n<p>I <strong>Consulenti viaggio online di Evolution Travel<\/strong> aiutano centinaia di viaggiatori ogni anno a far vivere<strong> un&#8217;esperienza unica e personalizzata<\/strong> a chi sogna di raggiungere Cuba. Questo arcipelago \u00e8 un luogo ricco di vita, tradizioni e meraviglie naturalistiche, insomma una meta ideale per tutte le tasche e gusti.<\/p>\n<p>Possiamo organizzare una <strong>vacanza di tutto mare <\/strong>oppure<strong> i <\/strong><strong>viaggi tematici come quelli culturali<\/strong> o ancora <a href=\"https:\/\/cuba.evolutiontravel.it\/infovacanze\/informazioni\/cuba-in-bicicletta\/\">il <strong>cicloturismo <\/strong><\/a>e non mancano<strong> i vaggi in crociera<\/strong>.<\/p>\n<p>Quando sai che chi organizza il tuo viaggio ha una grande esperienza &#8211; in prima persona &#8211; dell&#8217;isola, allora ti senti sicuramente pi\u00f9 tranquillo. Anche se Cuba \u00e8 sicura, \u00e8 per\u00f2 bene sapere <a href=\"https:\/\/cuba.evolutiontravel.it\/infovacanze\/davedere\/evitare\/\">cosa fare e cosa evitare<\/a> per <strong>trascorrere una vacanza senza pensieri<\/strong>, come per qualsiasi altro posto.<\/p>\n<h2>Evolution Travel e Cuba<\/h2>\n<p>Per le tue vacanze sull&#8217;isola ti offriamo <strong>tante proposte selezionate dai Consulenti di viaggio<\/strong> esperti in questa destinazione.<\/p>\n<p><img loading=\"lazy\" decoding=\"async\" class=\"size-medium wp-image-162 alignright\" src=\"https:\/\/cuba.evolutiontravel.it\/infovacanze\/wp-content\/uploads\/sites\/22\/2017\/01\/nuovo-logo-et-300x58.png\" alt=\"evolution travel\" width=\"300\" height=\"58\" srcset=\"https:\/\/cuba.evolutiontravel.it\/infovacanze\/wp-content\/uploads\/sites\/22\/2017\/01\/nuovo-logo-et-300x58.png 300w, https:\/\/cuba.evolutiontravel.it\/infovacanze\/wp-content\/uploads\/sites\/22\/2017\/01\/nuovo-logo-et.png 500w\" sizes=\"(max-width: 300px) 100vw, 300px\" \/><\/p>\n<p>Conosciamo bene Cuba, localit\u00e0 particolari, strade, migliori locali e tradizioni. E ricorda organizzare un viaggio non significa semplicemente sfogliare un catalogo!<\/p>\n<p>&nbsp;<\/p>\n<p style=\"text-align: center\"><strong>SCOPRI SUBITO LE NOSTRE <span style=\"color: #008000\">OFFERTE IMPERDIBILI<\/span> PER CUBA<\/strong><\/p>\n<p style=\"text-align: center\"><strong><span style=\"color: #008000\">CLICCA SUBITO<\/span> E SCOPRI TUTTI I DETTAGLI<\/strong>: <strong>programma<\/strong> della vacanza, <strong>itinerari<\/strong>, <strong>date<\/strong>, <strong>foto<\/strong> e <strong>commenti<\/strong>!<\/p>\n<div class=\"feedzy-5d114a156af64802882d4613ec8eea37 feedzy-rss\">\n\t\t<ul class=\"feedzy-style2\">\n\t\t\t\t\t<li  style=\"padding: 23px 0 38px\" class=\"rss_item feedzy-rss-col-3\" >\n\t\t\t\t\t\t\t\t\t<div class=\"rss_image\" style=\"width:225px; height:225px;\">\n\t\t\t\t\t\t<a href=\"https:\/\/cuba.evolutiontravel.it\/it_IT\/901\/tab\/6105_soggiorno-mare-nellarcipelago-de-los-canarreos.html\" target=\"_blank\" \n\t\t\t\t\t\t\trel=\"noopener \"\n\t\t\t\t\t\t\ttitle=\"Soggiorno Mare nell\u2019Arcipelago de Los Canarreos\"\n\t\t\t\t\t\t\tstyle=\"width:225px; height:225px;\">\n\t\t\t\t\t\t\t<span class=\"fetched\" style=\"background-image:  url('http:\/\/etcdn.net\/thumbnails\/6105\/it-cayo-largo-combinato-havana-soggiorno-mare-nellarcipelago-de-los-canarreos-62297.jpg');\" title=\"Soggiorno Mare nell\u2019Arcipelago de Los Canarreos\"><\/span><amp-img width=\"225\" height=\"225\" src=\"http:\/\/etcdn.net\/thumbnails\/6105\/it-cayo-largo-combinato-havana-soggiorno-mare-nellarcipelago-de-los-canarreos-62297.jpg\">\t\t\t\t\t\t<\/a>\n\t\t\t\t\t<\/div>\n\t\t\t\t\t\t\t\t<div class=\"rss_content_wrap\">\n\t\t\t\t\t<span class=\"title\">\n\t\t\t\t\t\t<a href=\"https:\/\/cuba.evolutiontravel.it\/it_IT\/901\/tab\/6105_soggiorno-mare-nellarcipelago-de-los-canarreos.html\" target=\"_blank\"  rel=\"noopener \">\n\t\t\t\t\t\t\tSoggiorno Mare nell\u2019Arcipelago de Los Canarreos\t\t\t\t\t\t<\/a>\n\t\t\t\t\t<\/span>\n\t\t\t\t\t<div class=\"rss_content\"\n\t\t\t\t\t\t\tstyle=\"\">\n\t\t\t\t\t\t\n\t\t\t\t\t\t\t\t\t\t\t\t<p class=\"description\">Un\u2019occasione per visitare una delle citt\u00e0 pi\u00f9 antiche del Nuovo Mondo e, Cayo Largo, la perla dell\u2019arcipelago de Los [&hellip;]<\/p>\n\t\t\t\t\t\t\n\t\t\t\t\t\t\t\t\t\t\t\t\t\t\t\t\t\t\t<div class=\"price-wrap\">\n\t\t\t\t\t\t\t\t<a href=\"https:\/\/cuba.evolutiontravel.it\/it_IT\/901\/tab\/6105_soggiorno-mare-nellarcipelago-de-los-canarreos.html\" target=\"_blank\" rel=\"noopener\"><button class=\"price\"> 370<\/button><\/a>\n\t\t\t\t\t\t\t<\/div>\n\t\t\t\t\t\t\t\t\t\t\t<\/div>\n\t\t\t\t<\/div>\n\t\t\t<\/li>\n\t\t\t\t\t\t<li  style=\"padding: 23px 0 38px\" class=\"rss_item feedzy-rss-col-3\" >\n\t\t\t\t\t\t\t\t\t<div class=\"rss_image\" style=\"width:225px; height:225px;\">\n\t\t\t\t\t\t<a href=\"https:\/\/cuba.evolutiontravel.it\/it_IT\/901\/tab\/40762_tour-coloniale-di-4-notti-con-servizi-privati-auto-con-autista-ed-escursioni-in-italiano.html\" target=\"_blank\" \n\t\t\t\t\t\t\trel=\"noopener \"\n\t\t\t\t\t\t\ttitle=\"Tour Coloniale di 4 notti con servizi privati, auto con Autista ed escursioni in italiano\"\n\t\t\t\t\t\t\tstyle=\"width:225px; height:225px;\">\n\t\t\t\t\t\t\t<span class=\"fetched\" style=\"background-image:  url('http:\/\/etcdn.net\/thumbnails\/4748\/it-varadero-tour-coloniale-di-7-notti-con-servizi-privati-auto-con-autista-ed-escursioni-in-italiano-82eca.jpg');\" title=\"Tour Coloniale di 4 notti con servizi privati, auto con Autista ed escursioni in italiano\"><\/span><amp-img width=\"225\" height=\"225\" src=\"http:\/\/etcdn.net\/thumbnails\/4748\/it-varadero-tour-coloniale-di-7-notti-con-servizi-privati-auto-con-autista-ed-escursioni-in-italiano-82eca.jpg\">\t\t\t\t\t\t<\/a>\n\t\t\t\t\t<\/div>\n\t\t\t\t\t\t\t\t<div class=\"rss_content_wrap\">\n\t\t\t\t\t<span class=\"title\">\n\t\t\t\t\t\t<a href=\"https:\/\/cuba.evolutiontravel.it\/it_IT\/901\/tab\/40762_tour-coloniale-di-4-notti-con-servizi-privati-auto-con-autista-ed-escursioni-in-italiano.html\" target=\"_blank\"  rel=\"noopener \">\n\t\t\t\t\t\t\tTour Coloniale di 4 notti con servizi privati, auto con Autista ed escursioni in italiano\t\t\t\t\t\t<\/a>\n\t\t\t\t\t<\/span>\n\t\t\t\t\t<div class=\"rss_content\"\n\t\t\t\t\t\t\tstyle=\"\">\n\t\t\t\t\t\t\n\t\t\t\t\t\t\t\t\t\t\t\t<p class=\"description\">Dedicato a chi desidera visitare la parte coloniale, classica di Cuba, Avana, Cienfuegos, Trinidad, Santa Clara in maniera [&hellip;]<\/p>\n\t\t\t\t\t\t\n\t\t\t\t\t\t\t\t\t\t\t\t\t\t\t\t\t\t\t<div class=\"price-wrap\">\n\t\t\t\t\t\t\t\t<a href=\"https:\/\/cuba.evolutiontravel.it\/it_IT\/901\/tab\/40762_tour-coloniale-di-4-notti-con-servizi-privati-auto-con-autista-ed-escursioni-in-italiano.html\" target=\"_blank\" rel=\"noopener\"><button class=\"price\"> 793<\/button><\/a>\n\t\t\t\t\t\t\t<\/div>\n\t\t\t\t\t\t\t\t\t\t\t<\/div>\n\t\t\t\t<\/div>\n\t\t\t<\/li>\n\t\t\t\t\t\t<li  style=\"padding: 23px 0 38px\" class=\"rss_item feedzy-rss-col-3\" >\n\t\t\t\t\t\t\t\t\t<div class=\"rss_image\" style=\"width:225px; height:225px;\">\n\t\t\t\t\t\t<a href=\"https:\/\/cuba.evolutiontravel.it\/it_IT\/901\/tab\/40761_tour-coloniale-di-5-notti-con-servizi-privati-auto-con-autista-ed-escursioni-in-italiano.html\" target=\"_blank\" \n\t\t\t\t\t\t\trel=\"noopener \"\n\t\t\t\t\t\t\ttitle=\"Tour Coloniale di 5 notti con servizi privati, auto con Autista ed escursioni in italiano\"\n\t\t\t\t\t\t\tstyle=\"width:225px; height:225px;\">\n\t\t\t\t\t\t\t<span class=\"fetched\" style=\"background-image:  url('http:\/\/etcdn.net\/thumbnails\/4748\/it-varadero-tour-coloniale-di-7-notti-con-servizi-privati-auto-con-autista-ed-escursioni-in-italiano-82eca.jpg');\" title=\"Tour Coloniale di 5 notti con servizi privati, auto con Autista ed escursioni in italiano\"><\/span><amp-img width=\"225\" height=\"225\" src=\"http:\/\/etcdn.net\/thumbnails\/4748\/it-varadero-tour-coloniale-di-7-notti-con-servizi-privati-auto-con-autista-ed-escursioni-in-italiano-82eca.jpg\">\t\t\t\t\t\t<\/a>\n\t\t\t\t\t<\/div>\n\t\t\t\t\t\t\t\t<div class=\"rss_content_wrap\">\n\t\t\t\t\t<span class=\"title\">\n\t\t\t\t\t\t<a href=\"https:\/\/cuba.evolutiontravel.it\/it_IT\/901\/tab\/40761_tour-coloniale-di-5-notti-con-servizi-privati-auto-con-autista-ed-escursioni-in-italiano.html\" target=\"_blank\"  rel=\"noopener \">\n\t\t\t\t\t\t\tTour Coloniale di 5 notti con servizi privati, auto con Autista ed escursioni in italiano\t\t\t\t\t\t<\/a>\n\t\t\t\t\t<\/span>\n\t\t\t\t\t<div class=\"rss_content\"\n\t\t\t\t\t\t\tstyle=\"\">\n\t\t\t\t\t\t\n\t\t\t\t\t\t\t\t\t\t\t\t<p class=\"description\">Dedicato a chi desidera visitare la parte coloniale, classica di Cuba, Avana, Vinales, Cienfuegos, Trinidad, Santa Clara in [&hellip;]<\/p>\n\t\t\t\t\t\t\n\t\t\t\t\t\t\t\t\t\t\t\t\t\t\t\t\t\t\t<div class=\"price-wrap\">\n\t\t\t\t\t\t\t\t<a href=\"https:\/\/cuba.evolutiontravel.it\/it_IT\/901\/tab\/40761_tour-coloniale-di-5-notti-con-servizi-privati-auto-con-autista-ed-escursioni-in-italiano.html\" target=\"_blank\" rel=\"noopener\"><button class=\"price\"> 997<\/button><\/a>\n\t\t\t\t\t\t\t<\/div>\n\t\t\t\t\t\t\t\t\t\t\t<\/div>\n\t\t\t\t<\/div>\n\t\t\t<\/li>\n\t\t\t\t\t\t<li  style=\"padding: 23px 0 38px\" class=\"rss_item feedzy-rss-col-3\" >\n\t\t\t\t\t\t\t\t\t<div class=\"rss_image\" style=\"width:225px; height:225px;\">\n\t\t\t\t\t\t<a href=\"https:\/\/cuba.evolutiontravel.it\/it_IT\/901\/tab\/40082_mini-tour-central-collettivo-di-gruppo-versione-unica-di-hotel.html\" target=\"_blank\" \n\t\t\t\t\t\t\trel=\"noopener \"\n\t\t\t\t\t\t\ttitle=\"Mini Tour Central Collettivo di Gruppo Versione Unica di Hotel\"\n\t\t\t\t\t\t\tstyle=\"width:225px; height:225px;\">\n\t\t\t\t\t\t\t<span class=\"fetched\" style=\"background-image:  url('http:\/\/etcdn.net\/thumbnails\/35283\/it-lavana-mini-tour-central-collettivo-di-gruppo-versione-superior-e-premium-7f039.jpg');\" title=\"Mini Tour Central Collettivo di Gruppo Versione Unica di Hotel\"><\/span><amp-img width=\"225\" height=\"225\" src=\"http:\/\/etcdn.net\/thumbnails\/35283\/it-lavana-mini-tour-central-collettivo-di-gruppo-versione-superior-e-premium-7f039.jpg\">\t\t\t\t\t\t<\/a>\n\t\t\t\t\t<\/div>\n\t\t\t\t\t\t\t\t<div class=\"rss_content_wrap\">\n\t\t\t\t\t<span class=\"title\">\n\t\t\t\t\t\t<a href=\"https:\/\/cuba.evolutiontravel.it\/it_IT\/901\/tab\/40082_mini-tour-central-collettivo-di-gruppo-versione-unica-di-hotel.html\" target=\"_blank\"  rel=\"noopener \">\n\t\t\t\t\t\t\tMini Tour Central Collettivo di Gruppo Versione Unica di Hotel\t\t\t\t\t\t<\/a>\n\t\t\t\t\t<\/span>\n\t\t\t\t\t<div class=\"rss_content\"\n\t\t\t\t\t\t\tstyle=\"\">\n\t\t\t\t\t\t\n\t\t\t\t\t\t\t\t\t\t\t\t<p class=\"description\">Il Mini Tour Central \u00e8 un tour che ti consente di visitare il Cuore di Cuba al quale potrai abbinare voli e altri servizi come [&hellip;]<\/p>\n\t\t\t\t\t\t\n\t\t\t\t\t\t\t\t\t\t\t\t\t\t\t\t\t\t\t<div class=\"price-wrap\">\n\t\t\t\t\t\t\t\t<a href=\"https:\/\/cuba.evolutiontravel.it\/it_IT\/901\/tab\/40082_mini-tour-central-collettivo-di-gruppo-versione-unica-di-hotel.html\" target=\"_blank\" rel=\"noopener\"><button class=\"price\"> 999<\/button><\/a>\n\t\t\t\t\t\t\t<\/div>\n\t\t\t\t\t\t\t\t\t\t\t<\/div>\n\t\t\t\t<\/div>\n\t\t\t<\/li>\n\t\t\t\t\t\t<li  style=\"padding: 23px 0 38px\" class=\"rss_item feedzy-rss-col-3\" >\n\t\t\t\t\t\t\t\t\t<div class=\"rss_image\" style=\"width:225px; height:225px;\">\n\t\t\t\t\t\t<a href=\"https:\/\/cuba.evolutiontravel.it\/it_IT\/901\/tab\/35842_hotel-victoria-4-stelle-al-vedado.html\" target=\"_blank\" \n\t\t\t\t\t\t\trel=\"noopener \"\n\t\t\t\t\t\t\ttitle=\"Hotel Victoria 4 stelle al Vedado\"\n\t\t\t\t\t\t\tstyle=\"width:225px; height:225px;\">\n\t\t\t\t\t\t\t<span class=\"fetched\" style=\"background-image:  url('http:\/\/etcdn.net\/thumbnails\/35842\/it-lavana-hotel-victoria-4-stelle-5f6c2.jpg');\" title=\"Hotel Victoria 4 stelle al Vedado\"><\/span><amp-img width=\"225\" height=\"225\" src=\"http:\/\/etcdn.net\/thumbnails\/35842\/it-lavana-hotel-victoria-4-stelle-5f6c2.jpg\">\t\t\t\t\t\t<\/a>\n\t\t\t\t\t<\/div>\n\t\t\t\t\t\t\t\t<div class=\"rss_content_wrap\">\n\t\t\t\t\t<span class=\"title\">\n\t\t\t\t\t\t<a href=\"https:\/\/cuba.evolutiontravel.it\/it_IT\/901\/tab\/35842_hotel-victoria-4-stelle-al-vedado.html\" target=\"_blank\"  rel=\"noopener \">\n\t\t\t\t\t\t\tHotel Victoria 4 stelle al Vedado\t\t\t\t\t\t<\/a>\n\t\t\t\t\t<\/span>\n\t\t\t\t\t<div class=\"rss_content\"\n\t\t\t\t\t\t\tstyle=\"\">\n\t\t\t\t\t\t\n\t\t\t\t\t\t\t\t\t\t\t\t<p class=\"description\">Incantata, culturale, unica, una sorprendente meraviglia sul Mar del Caribe: questa \u00e8 L\u2019Avana.<\/p>\n\t\t\t\t\t\t\n\t\t\t\t\t\t\t\t\t\t\t\t\t\t\t\t\t\t\t<div class=\"price-wrap\">\n\t\t\t\t\t\t\t\t<a href=\"https:\/\/cuba.evolutiontravel.it\/it_IT\/901\/tab\/35842_hotel-victoria-4-stelle-al-vedado.html\" target=\"_blank\" rel=\"noopener\"><button class=\"price\"> 534<\/button><\/a>\n\t\t\t\t\t\t\t<\/div>\n\t\t\t\t\t\t\t\t\t\t\t<\/div>\n\t\t\t\t<\/div>\n\t\t\t<\/li>\n\t\t\t\t\t\t<li  style=\"padding: 23px 0 38px\" class=\"rss_item feedzy-rss-col-3\" >\n\t\t\t\t\t\t\t\t\t<div class=\"rss_image\" style=\"width:225px; height:225px;\">\n\t\t\t\t\t\t<a href=\"https:\/\/cuba.evolutiontravel.it\/it_IT\/901\/tab\/4748_tour-coloniale-di-7-notti-con-servizi-privati-auto-con-autista-ed-escursioni-in-italiano.html\" target=\"_blank\" \n\t\t\t\t\t\t\trel=\"noopener \"\n\t\t\t\t\t\t\ttitle=\"Tour Coloniale di 7 notti con servizi privati, auto con Autista ed escursioni in italiano\"\n\t\t\t\t\t\t\tstyle=\"width:225px; height:225px;\">\n\t\t\t\t\t\t\t<span class=\"fetched\" style=\"background-image:  url('http:\/\/etcdn.net\/thumbnails\/4748\/it-varadero-tour-coloniale-di-7-notti-con-servizi-privati-auto-con-autista-ed-escursioni-in-italiano-82eca.jpg');\" title=\"Tour Coloniale di 7 notti con servizi privati, auto con Autista ed escursioni in italiano\"><\/span><amp-img width=\"225\" height=\"225\" src=\"http:\/\/etcdn.net\/thumbnails\/4748\/it-varadero-tour-coloniale-di-7-notti-con-servizi-privati-auto-con-autista-ed-escursioni-in-italiano-82eca.jpg\">\t\t\t\t\t\t<\/a>\n\t\t\t\t\t<\/div>\n\t\t\t\t\t\t\t\t<div class=\"rss_content_wrap\">\n\t\t\t\t\t<span class=\"title\">\n\t\t\t\t\t\t<a href=\"https:\/\/cuba.evolutiontravel.it\/it_IT\/901\/tab\/4748_tour-coloniale-di-7-notti-con-servizi-privati-auto-con-autista-ed-escursioni-in-italiano.html\" target=\"_blank\"  rel=\"noopener \">\n\t\t\t\t\t\t\tTour Coloniale di 7 notti con servizi privati, auto con Autista ed escursioni in italiano\t\t\t\t\t\t<\/a>\n\t\t\t\t\t<\/span>\n\t\t\t\t\t<div class=\"rss_content\"\n\t\t\t\t\t\t\tstyle=\"\">\n\t\t\t\t\t\t\n\t\t\t\t\t\t\t\t\t\t\t\t<p class=\"description\">Dedicato a chi desidera visitare la parte coloniale, classica di Cuba, Avana, Vinales, Cienfuegos, Trinidad, Santa Clara in [&hellip;]<\/p>\n\t\t\t\t\t\t\n\t\t\t\t\t\t\t\t\t\t\t\t\t\t\t\t\t\t\t<div class=\"price-wrap\">\n\t\t\t\t\t\t\t\t<a href=\"https:\/\/cuba.evolutiontravel.it\/it_IT\/901\/tab\/4748_tour-coloniale-di-7-notti-con-servizi-privati-auto-con-autista-ed-escursioni-in-italiano.html\" target=\"_blank\" rel=\"noopener\"><button class=\"price\"> 869<\/button><\/a>\n\t\t\t\t\t\t\t<\/div>\n\t\t\t\t\t\t\t\t\t\t\t<\/div>\n\t\t\t\t<\/div>\n\t\t\t<\/li>\n\t\t\t\t<\/ul>\n<\/div>\n<style type=\"text\/css\" media=\"all\">.feedzy-rss .rss_item .rss_image{float:left;position:relative;border:none;text-decoration:none;max-width:100%}.feedzy-rss .rss_item .rss_image span{display:inline-block;position:absolute;width:100%;height:100%;background-position:50%;background-size:cover}.feedzy-rss .rss_item .rss_image{margin:.3em 1em 0 0;content-visibility:auto}.feedzy-rss ul{list-style:none}.feedzy-rss ul li{display:inline-block}<\/style>\n","protected":false},"excerpt":{"rendered":"<p>I tour operator per Cuba sono la soluzione migliore per fare una vacanza sull&#8217;isola caraibica. Infatti i nostri operatori turistici conoscono perfettamente Cuba e quindi posso proporti itinerari e tour su misura! Certo, i c.d. &#8220;turisti fai da te&#8221; grazie a Internet possono organizzare le vacanze in modo pi\u00f9 veloce, per\u00f2 quando si viaggia in <a class=\"moretag\" href=\"https:\/\/cuba.evolutiontravel.it\/infovacanze\/informazioni\/cuba-tour-operator\/\">[&#8230;]<\/a><\/p>\n","protected":false},"author":6,"featured_media":0,"parent":8,"menu_order":0,"comment_status":"closed","ping_status":"open","template":"templates\/template-with-right-sidebar.php","meta":{"footnotes":""},"yoast_head":"<!-- This site is optimized with the Yoast SEO plugin v21.9.1 - https:\/\/yoast.com\/wordpress\/plugins\/seo\/ -->\n<title>Tour operator Cuba: consulenti viaggio specialisti dell&#039;isola dei Caraibi<\/title>\n<meta name=\"description\" content=\"Affidati a un tour operator per andare a Cuba: chi conosce bene questa destinazione ti proporr\u00e0 itinerari imperdibili per le tue vacanze!\" \/>\n<meta name=\"robots\" content=\"index, follow, max-snippet:-1, max-image-preview:large, max-video-preview:-1\" \/>\n<link rel=\"canonical\" href=\"https:\/\/cuba.evolutiontravel.it\/infovacanze\/informazioni\/cuba-tour-operator\/\" \/>\n<meta property=\"og:locale\" content=\"it_IT\" \/>\n<meta property=\"og:type\" content=\"article\" \/>\n<meta property=\"og:title\" content=\"Tour operator Cuba: consulenti viaggio specialisti dell&#039;isola dei Caraibi\" \/>\n<meta property=\"og:description\" content=\"Affidati a un tour operator per andare a Cuba: chi conosce bene questa destinazione ti proporr\u00e0 itinerari imperdibili per le tue vacanze!\" \/>\n<meta property=\"og:url\" content=\"https:\/\/cuba.evolutiontravel.it\/infovacanze\/informazioni\/cuba-tour-operator\/\" \/>\n<meta property=\"og:site_name\" content=\"Cuba\" \/>\n<meta property=\"article:modified_time\" content=\"2019-06-18T08:25:20+00:00\" \/>\n<meta property=\"og:image\" content=\"https:\/\/cuba.evolutiontravel.it\/infovacanze\/wp-content\/uploads\/sites\/22\/2017\/01\/nuovo-logo-et-300x58.png\" \/>\n<meta name=\"twitter:label1\" content=\"Tempo di lettura stimato\" \/>\n\t<meta name=\"twitter:data1\" content=\"2 minuti\" \/>\n<script type=\"application\/ld+json\" class=\"yoast-schema-graph\">{\"@context\":\"https:\/\/schema.org\",\"@graph\":[{\"@type\":\"WebPage\",\"@id\":\"https:\/\/cuba.evolutiontravel.it\/infovacanze\/informazioni\/cuba-tour-operator\/\",\"url\":\"https:\/\/cuba.evolutiontravel.it\/infovacanze\/informazioni\/cuba-tour-operator\/\",\"name\":\"Tour operator Cuba: consulenti viaggio specialisti dell'isola dei Caraibi\",\"isPartOf\":{\"@id\":\"https:\/\/cuba.evolutiontravel.it\/infovacanze\/#website\"},\"datePublished\":\"2014-06-25T15:59:53+00:00\",\"dateModified\":\"2019-06-18T08:25:20+00:00\",\"description\":\"Affidati a un tour operator per andare a Cuba: chi conosce bene questa destinazione ti proporr\u00e0 itinerari imperdibili per le tue vacanze!\",\"breadcrumb\":{\"@id\":\"https:\/\/cuba.evolutiontravel.it\/infovacanze\/informazioni\/cuba-tour-operator\/#breadcrumb\"},\"inLanguage\":\"it-IT\",\"potentialAction\":[{\"@type\":\"ReadAction\",\"target\":[\"https:\/\/cuba.evolutiontravel.it\/infovacanze\/informazioni\/cuba-tour-operator\/\"]}]},{\"@type\":\"BreadcrumbList\",\"@id\":\"https:\/\/cuba.evolutiontravel.it\/infovacanze\/informazioni\/cuba-tour-operator\/#breadcrumb\",\"itemListElement\":[{\"@type\":\"ListItem\",\"position\":1,\"name\":\"Informazioni su Cuba\",\"item\":\"https:\/\/cuba.evolutiontravel.it\/infovacanze\/informazioni\/\"},{\"@type\":\"ListItem\",\"position\":2,\"name\":\"Tour operator Cuba\"}]},{\"@type\":\"WebSite\",\"@id\":\"https:\/\/cuba.evolutiontravel.it\/infovacanze\/#website\",\"url\":\"https:\/\/cuba.evolutiontravel.it\/infovacanze\/\",\"name\":\"Cuba\",\"description\":\"\",\"potentialAction\":[{\"@type\":\"SearchAction\",\"target\":{\"@type\":\"EntryPoint\",\"urlTemplate\":\"https:\/\/cuba.evolutiontravel.it\/infovacanze\/?s={search_term_string}\"},\"query-input\":\"required name=search_term_string\"}],\"inLanguage\":\"it-IT\"}]}<\/script>\n<!-- \/ Yoast SEO plugin. -->","yoast_head_json":{"title":"Tour operator Cuba: consulenti viaggio specialisti dell'isola dei Caraibi","description":"Affidati a un tour operator per andare a Cuba: chi conosce bene questa destinazione ti proporr\u00e0 itinerari imperdibili per le tue vacanze!","robots":{"index":"index","follow":"follow","max-snippet":"max-snippet:-1","max-image-preview":"max-image-preview:large","max-video-preview":"max-video-preview:-1"},"canonical":"https:\/\/cuba.evolutiontravel.it\/infovacanze\/informazioni\/cuba-tour-operator\/","og_locale":"it_IT","og_type":"article","og_title":"Tour operator Cuba: consulenti viaggio specialisti dell'isola dei Caraibi","og_description":"Affidati a un tour operator per andare a Cuba: chi conosce bene questa destinazione ti proporr\u00e0 itinerari imperdibili per le tue vacanze!","og_url":"https:\/\/cuba.evolutiontravel.it\/infovacanze\/informazioni\/cuba-tour-operator\/","og_site_name":"Cuba","article_modified_time":"2019-06-18T08:25:20+00:00","og_image":[{"url":"https:\/\/cuba.evolutiontravel.it\/infovacanze\/wp-content\/uploads\/sites\/22\/2017\/01\/nuovo-logo-et-300x58.png"}],"twitter_misc":{"Tempo di lettura stimato":"2 minuti"},"schema":{"@context":"https:\/\/schema.org","@graph":[{"@type":"WebPage","@id":"https:\/\/cuba.evolutiontravel.it\/infovacanze\/informazioni\/cuba-tour-operator\/","url":"https:\/\/cuba.evolutiontravel.it\/infovacanze\/informazioni\/cuba-tour-operator\/","name":"Tour operator Cuba: consulenti viaggio specialisti dell'isola dei Caraibi","isPartOf":{"@id":"https:\/\/cuba.evolutiontravel.it\/infovacanze\/#website"},"datePublished":"2014-06-25T15:59:53+00:00","dateModified":"2019-06-18T08:25:20+00:00","description":"Affidati a un tour operator per andare a Cuba: chi conosce bene questa destinazione ti proporr\u00e0 itinerari imperdibili per le tue vacanze!","breadcrumb":{"@id":"https:\/\/cuba.evolutiontravel.it\/infovacanze\/informazioni\/cuba-tour-operator\/#breadcrumb"},"inLanguage":"it-IT","potentialAction":[{"@type":"ReadAction","target":["https:\/\/cuba.evolutiontravel.it\/infovacanze\/informazioni\/cuba-tour-operator\/"]}]},{"@type":"BreadcrumbList","@id":"https:\/\/cuba.evolutiontravel.it\/infovacanze\/informazioni\/cuba-tour-operator\/#breadcrumb","itemListElement":[{"@type":"ListItem","position":1,"name":"Informazioni su Cuba","item":"https:\/\/cuba.evolutiontravel.it\/infovacanze\/informazioni\/"},{"@type":"ListItem","position":2,"name":"Tour operator Cuba"}]},{"@type":"WebSite","@id":"https:\/\/cuba.evolutiontravel.it\/infovacanze\/#website","url":"https:\/\/cuba.evolutiontravel.it\/infovacanze\/","name":"Cuba","description":"","potentialAction":[{"@type":"SearchAction","target":{"@type":"EntryPoint","urlTemplate":"https:\/\/cuba.evolutiontravel.it\/infovacanze\/?s={search_term_string}"},"query-input":"required name=search_term_string"}],"inLanguage":"it-IT"}]}},"_links":{"self":[{"href":"https:\/\/cuba.evolutiontravel.it\/infovacanze\/wp-json\/wp\/v2\/pages\/58"}],"collection":[{"href":"https:\/\/cuba.evolutiontravel.it\/infovacanze\/wp-json\/wp\/v2\/pages"}],"about":[{"href":"https:\/\/cuba.evolutiontravel.it\/infovacanze\/wp-json\/wp\/v2\/types\/page"}],"author":[{"embeddable":true,"href":"https:\/\/cuba.evolutiontravel.it\/infovacanze\/wp-json\/wp\/v2\/users\/6"}],"replies":[{"embeddable":true,"href":"https:\/\/cuba.evolutiontravel.it\/infovacanze\/wp-json\/wp\/v2\/comments?post=58"}],"version-history":[{"count":17,"href":"https:\/\/cuba.evolutiontravel.it\/infovacanze\/wp-json\/wp\/v2\/pages\/58\/revisions"}],"predecessor-version":[{"id":636,"href":"https:\/\/cuba.evolutiontravel.it\/infovacanze\/wp-json\/wp\/v2\/pages\/58\/revisions\/636"}],"up":[{"embeddable":true,"href":"https:\/\/cuba.evolutiontravel.it\/infovacanze\/wp-json\/wp\/v2\/pages\/8"}],"wp:attachment":[{"href":"https:\/\/cuba.evolutiontravel.it\/infovacanze\/wp-json\/wp\/v2\/media?parent=58"}],"curies":[{"name":"wp","href":"https:\/\/api.w.org\/{rel}","templated":true}]}}