{"id":52,"date":"2014-06-25T17:47:27","date_gmt":"2014-06-25T15:47:27","guid":{"rendered":"http:\/\/cuba.evolutiontravel.it\/infovacanze\/?page_id=52"},"modified":"2019-03-18T16:31:23","modified_gmt":"2019-03-18T15:31:23","slug":"cuba-in-auto","status":"publish","type":"page","link":"https:\/\/cuba.evolutiontravel.it\/infovacanze\/informazioni\/cuba-in-auto\/","title":{"rendered":"Guidare a Cuba"},"content":{"rendered":"<p>Per <strong>guidare l&#8217;auto a Cuba<\/strong> e in qualsiasi altro paese straniero \u00e8 necessario <strong>sapere alcune cose per evitare multe<\/strong> e\u00a0 altri problemi che potrebbero rovinarci le vacanze.<\/p>\n<p>Visitare questa isola caribica in macchina pu\u00f2 infatti essere un&#8217;ottima occasione per cercare di vedere pi\u00f9 posti possibili in poco tempo ma prima di noleggiare il veicolo bisogna informarsi su et\u00e0, patente, pro e contro.<\/p>\n<h2>Et\u00e0 e patente<\/h2>\n<p>Chi guida deve avere 21 anni e una patente valida. Ma non basta. Il guidatore deve dimostrare di avere esperienza al volante di almeno un anno. Fatto questo potrai prendere a noleggio l&#8217;auto che preferisci scegliendo tra le varie societ\u00e0 di autonoleggio.<\/p>\n<p>All&#8217;Aeroporto Internazionale Jos\u00e8 Mart\u00ec ci sono diverse societ\u00e0 e anche nei dintorni della zona. La cosa importante \u00e8:<\/p>\n<ul>\n<li>verificate l&#8217;<strong>usura degli pneumatici<\/strong><\/li>\n<li>presenza di <strong>assicuazione auto<\/strong>.<\/li>\n<\/ul>\n<p><strong>Le condizioni delle strade a Cuba non sono delle migliori<\/strong>, per questo<a href=\"https:\/\/cuba.evolutiontravel.it\/infovacanze\/davedere\/evitare\/\"> tra le cose da evitare<\/a>, per esempio, c&#8217;\u00e8 quella di girare di notte.<\/p>\n<h2>Guidare a Cuba: pro e contro<\/h2>\n<p>Tra i vantaggi di un viaggio a quattro ruote c\u2019\u00e8 ovviamente <strong>la libert\u00e0 di movimento<\/strong> e soprattutto la possibilit\u00e0 di vedere panorami <strong>fuori dalle rotte turistiche<\/strong>. Di contro, per\u00f2, sar\u00e0 necessario <strong>rispettare scrupolosamente alcune regole<\/strong>.<\/p>\n<p>Chi guida dovr\u00e0 fare particolare attenzione: qui sono infatti <strong>frequenti le infrazioni al codice della strada <\/strong>e quindi anche molto frequenti i controlli.<\/p>\n<p>Il <strong>limite di velocit\u00e0 sulle strade<\/strong> sulle autostrade \u00e8 di <strong>90 km orari<\/strong> mentre in <strong>autostrada \u00e8 di 100<\/strong>. Rispettate scrupolosamente questi limiti inoltre considerate che a <a href=\"https:\/\/cuba.evolutiontravel.it\/infovacanze\/informazioni\/cuba-in-bicicletta\/\">Cuba il cicloturismo va per la maggiore<\/a> quindi troverte tante <strong>biciclette in circolazione<\/strong>.<\/p>\n<p>Nel caso in cui si rendesse opportuna un\u2019assistenza legale, i turisti vengono seguiti dalle Associazioni degli Avvocati di Stato cubani con i quali si deve sottoscrivere un contratto.<\/p>\n<p>Proprio per tutti questi motivi, qualora decidiate di visitare Cuba in auto si rende ancor pi\u00f9 necessaria la <strong>polizza assicurativa medica<\/strong> che deve essere <strong>sottoscritta prima di entrare nel paese<\/strong>.<\/p>\n<p><strong>La soluzione migliore<\/strong> \u00e8 sempre <strong>rivolgersi a chi conosce bene questo paese<\/strong>: <strong>contattaci<\/strong> e ti daremo tutte le risposte che stai cercando per organizzare al meglio la tua meravigliosa vacanza in questa localit\u00e0!<\/p>\n<p>&nbsp;<\/p>\n<h2 style=\"text-align: center\">CUBA: <span style=\"color: #008000\">noleggio auto<\/span> e <span style=\"color: #008000\">Fly &amp; Drive<\/span><\/h2>\n<p style=\"text-align: center\">Evolution Travel vi propone per Cuba diverse tipologie di viaggio tra le quali pacchetti &#8220;<strong>noleggio auto<\/strong>&#8221; e &#8220;<strong>Fly &amp; Drive<\/strong>&#8220;.<\/p>\n<p style=\"text-align: center\"><strong><span style=\"color: #008000\">CLICCA SUBITO PER SCOPRIRE I DETTAGLI!<\/span><\/strong><\/p>\n<p><div class=\"feedzy-fad2234608c0077132777ba64400293b feedzy-rss\">\n\t\t<ul class=\"feedzy-style2\">\n\t\t\t\t\t<li  style=\"padding: 23px 0 38px\" class=\"rss_item feedzy-rss-col-2\" >\n\t\t\t\t\t\t\t\t\t<div class=\"rss_image\" style=\"width:225px; height:225px;\">\n\t\t\t\t\t\t<a href=\"https:\/\/cuba.evolutiontravel.it\/it_IT\/901\/tab\/32589_fly-drive-soggiorno-mare-a-cayo-guillermo.html\" target=\"_blank\" \n\t\t\t\t\t\t\trel=\"noopener \"\n\t\t\t\t\t\t\ttitle=\"Fly &amp; Drive + Soggiorno Mare a Cayo Guillermo\"\n\t\t\t\t\t\t\tstyle=\"width:225px; height:225px;\">\n\t\t\t\t\t\t\t<span class=\"fetched\" style=\"background-image:  url('http:\/\/etcdn.net\/thumbnails\/32589\/it-lavana-fly-drive-soggiorno-mare-a-cayo-guillermo-524e8.jpg');\" title=\"Fly &amp; Drive + Soggiorno Mare a Cayo Guillermo\"><\/span><amp-img width=\"225\" height=\"225\" src=\"http:\/\/etcdn.net\/thumbnails\/32589\/it-lavana-fly-drive-soggiorno-mare-a-cayo-guillermo-524e8.jpg\">\t\t\t\t\t\t<\/a>\n\t\t\t\t\t<\/div>\n\t\t\t\t\t\t\t\t<div class=\"rss_content_wrap\">\n\t\t\t\t\t<span class=\"title\">\n\t\t\t\t\t\t<a href=\"https:\/\/cuba.evolutiontravel.it\/it_IT\/901\/tab\/32589_fly-drive-soggiorno-mare-a-cayo-guillermo.html\" target=\"_blank\"  rel=\"noopener \">\n\t\t\t\t\t\t\tFly &amp; Drive + Soggiorno Mare a Cayo Guillermo\t\t\t\t\t\t<\/a>\n\t\t\t\t\t<\/span>\n\t\t\t\t\t<div class=\"rss_content\"\n\t\t\t\t\t\t\tstyle=\"\">\n\t\t\t\t\t\t\n\t\t\t\t\t\t\t\t\t\t\t\t<p class=\"description\">Un viaggio in totale\u00a0autonomia\u00a0e\u00a0sicurezza per visitare\u00a0le principali citt\u00e0 di Cuba per finire con un soggiorno mare a Cayo [&hellip;]<\/p>\n\t\t\t\t\t\t\n\t\t\t\t\t\t\t\t\t\t\t\t\t\t\t\t\t\t\t<div class=\"price-wrap\">\n\t\t\t\t\t\t\t\t<a href=\"https:\/\/cuba.evolutiontravel.it\/it_IT\/901\/tab\/32589_fly-drive-soggiorno-mare-a-cayo-guillermo.html\" target=\"_blank\" rel=\"noopener\"><button class=\"price\"> 2390<\/button><\/a>\n\t\t\t\t\t\t\t<\/div>\n\t\t\t\t\t\t\t\t\t\t\t<\/div>\n\t\t\t\t<\/div>\n\t\t\t<\/li>\n\t\t\t\t\t\t<li  style=\"padding: 23px 0 38px\" class=\"rss_item feedzy-rss-col-2\" >\n\t\t\t\t\t\t\t\t\t<div class=\"rss_image\" style=\"width:225px; height:225px;\">\n\t\t\t\t\t\t<a href=\"https:\/\/cuba.evolutiontravel.it\/it_IT\/901\/tab\/32343_fly-drive-soggiorno-mare-a-varadero.html\" target=\"_blank\" \n\t\t\t\t\t\t\trel=\"noopener \"\n\t\t\t\t\t\t\ttitle=\"Fly &amp; Drive + Soggiorno Mare a Varadero\"\n\t\t\t\t\t\t\tstyle=\"width:225px; height:225px;\">\n\t\t\t\t\t\t\t<span class=\"fetched\" style=\"background-image:  url('http:\/\/etcdn.net\/thumbnails\/32343\/it-lavana-fly-drive-soggiorno-mare-a-varadero-50c42.jpg');\" title=\"Fly &amp; Drive + Soggiorno Mare a Varadero\"><\/span><amp-img width=\"225\" height=\"225\" src=\"http:\/\/etcdn.net\/thumbnails\/32343\/it-lavana-fly-drive-soggiorno-mare-a-varadero-50c42.jpg\">\t\t\t\t\t\t<\/a>\n\t\t\t\t\t<\/div>\n\t\t\t\t\t\t\t\t<div class=\"rss_content_wrap\">\n\t\t\t\t\t<span class=\"title\">\n\t\t\t\t\t\t<a href=\"https:\/\/cuba.evolutiontravel.it\/it_IT\/901\/tab\/32343_fly-drive-soggiorno-mare-a-varadero.html\" target=\"_blank\"  rel=\"noopener \">\n\t\t\t\t\t\t\tFly &amp; Drive + Soggiorno Mare a Varadero\t\t\t\t\t\t<\/a>\n\t\t\t\t\t<\/span>\n\t\t\t\t\t<div class=\"rss_content\"\n\t\t\t\t\t\t\tstyle=\"\">\n\t\t\t\t\t\t\n\t\t\t\t\t\t\t\t\t\t\t\t<p class=\"description\">Ideale per chi vuole visitare Cuba in autonomia ma in totale sicurezza! Voli dall'Italia, noleggio auto, pernottamenti e [&hellip;]<\/p>\n\t\t\t\t\t\t\n\t\t\t\t\t\t\t\t\t\t\t\t\t\t\t\t\t\t\t<div class=\"price-wrap\">\n\t\t\t\t\t\t\t\t<a href=\"https:\/\/cuba.evolutiontravel.it\/it_IT\/901\/tab\/32343_fly-drive-soggiorno-mare-a-varadero.html\" target=\"_blank\" rel=\"noopener\"><button class=\"price\"> 1795<\/button><\/a>\n\t\t\t\t\t\t\t<\/div>\n\t\t\t\t\t\t\t\t\t\t\t<\/div>\n\t\t\t\t<\/div>\n\t\t\t<\/li>\n\t\t\t\t<\/ul>\n<\/div>\n<style type=\"text\/css\" media=\"all\">.feedzy-rss .rss_item .rss_image{float:left;position:relative;border:none;text-decoration:none;max-width:100%}.feedzy-rss .rss_item .rss_image span{display:inline-block;position:absolute;width:100%;height:100%;background-position:50%;background-size:cover}.feedzy-rss .rss_item .rss_image{margin:.3em 1em 0 0;content-visibility:auto}.feedzy-rss ul{list-style:none}.feedzy-rss ul li{display:inline-block}<\/style><br \/>\n<div class=\"feedzy-a9aaf172f5911c266f75acc74c5478fc feedzy-rss\">\n\t\t<ul class=\"feedzy-style2\">\n\t\t\t\t\t<li  style=\"padding: 23px 0 38px\" class=\"rss_item feedzy-rss-col-3\" >\n\t\t\t\t\t\t\t\t\t<div class=\"rss_image\" style=\"width:225px; height:225px;\">\n\t\t\t\t\t\t<a href=\"https:\/\/cuba.evolutiontravel.it\/it_IT\/901\/tab\/7327_fly-drive-tra-i-luoghi-della-revolucion-da-bayamo-alla-baia-dei-porci.html\" target=\"_blank\" \n\t\t\t\t\t\t\trel=\"noopener \"\n\t\t\t\t\t\t\ttitle=\"Fly &amp; Drive Tra i Luoghi della Revolucion, da Bayamo alla Baia dei Porci\"\n\t\t\t\t\t\t\tstyle=\"width:225px; height:225px;\">\n\t\t\t\t\t\t\t<span class=\"fetched\" style=\"background-image:  url('http:\/\/etcdn.net\/thumbnails\/7327\/it-lavana-fly-drive-tra-i-luoghi-della-revolucion-da-bayamo-alla-baia-dei-porci-5f39f.jpg');\" title=\"Fly &amp; Drive Tra i Luoghi della Revolucion, da Bayamo alla Baia dei Porci\"><\/span><amp-img width=\"225\" height=\"225\" src=\"http:\/\/etcdn.net\/thumbnails\/7327\/it-lavana-fly-drive-tra-i-luoghi-della-revolucion-da-bayamo-alla-baia-dei-porci-5f39f.jpg\">\t\t\t\t\t\t<\/a>\n\t\t\t\t\t<\/div>\n\t\t\t\t\t\t\t\t<div class=\"rss_content_wrap\">\n\t\t\t\t\t<span class=\"title\">\n\t\t\t\t\t\t<a href=\"https:\/\/cuba.evolutiontravel.it\/it_IT\/901\/tab\/7327_fly-drive-tra-i-luoghi-della-revolucion-da-bayamo-alla-baia-dei-porci.html\" target=\"_blank\"  rel=\"noopener \">\n\t\t\t\t\t\t\tFly &amp; Drive Tra i Luoghi della Revolucion, da Bayamo alla Baia dei Porci\t\t\t\t\t\t<\/a>\n\t\t\t\t\t<\/span>\n\t\t\t\t\t<div class=\"rss_content\"\n\t\t\t\t\t\t\tstyle=\"\">\n\t\t\t\t\t\t\n\t\t\t\t\t\t\t\t\t\t\t\t<p class=\"description\">.... un percorso bello e coinvolgente...forse uno degli itinerari turistici pi\u00f9 interessanti, quello che passa tra i luoghi [&hellip;]<\/p>\n\t\t\t\t\t\t\n\t\t\t\t\t\t\t\t\t\t\t\t\t\t\t\t\t\t\t<div class=\"price-wrap\">\n\t\t\t\t\t\t\t\t<a href=\"https:\/\/cuba.evolutiontravel.it\/it_IT\/901\/tab\/7327_fly-drive-tra-i-luoghi-della-revolucion-da-bayamo-alla-baia-dei-porci.html\" target=\"_blank\" rel=\"noopener\"><button class=\"price\"> 1790<\/button><\/a>\n\t\t\t\t\t\t\t<\/div>\n\t\t\t\t\t\t\t\t\t\t\t<\/div>\n\t\t\t\t<\/div>\n\t\t\t<\/li>\n\t\t\t\t<\/ul>\n<\/div>\n<style type=\"text\/css\" media=\"all\">.feedzy-rss .rss_item .rss_image{float:left;position:relative;border:none;text-decoration:none;max-width:100%}.feedzy-rss .rss_item .rss_image span{display:inline-block;position:absolute;width:100%;height:100%;background-position:50%;background-size:cover}.feedzy-rss .rss_item .rss_image{margin:.3em 1em 0 0;content-visibility:auto}.feedzy-rss ul{list-style:none}.feedzy-rss ul li{display:inline-block}<\/style><\/p>\n","protected":false},"excerpt":{"rendered":"<p>Per guidare l&#8217;auto a Cuba e in qualsiasi altro paese straniero \u00e8 necessario sapere alcune cose per evitare multe e\u00a0 altri problemi che potrebbero rovinarci le vacanze. Visitare questa isola caribica in macchina pu\u00f2 infatti essere un&#8217;ottima occasione per cercare di vedere pi\u00f9 posti possibili in poco tempo ma prima di noleggiare il veicolo bisogna <a class=\"moretag\" href=\"https:\/\/cuba.evolutiontravel.it\/infovacanze\/informazioni\/cuba-in-auto\/\">[&#8230;]<\/a><\/p>\n","protected":false},"author":6,"featured_media":0,"parent":8,"menu_order":0,"comment_status":"closed","ping_status":"open","template":"templates\/template-with-right-sidebar.php","meta":{"footnotes":""},"yoast_head":"<!-- This site is optimized with the Yoast SEO plugin v21.9.1 - https:\/\/yoast.com\/wordpress\/plugins\/seo\/ -->\n<title>Guidare a Cuba: consigli di viaggio sulle 4 ruote, in tutta sicurezza<\/title>\n<meta name=\"description\" content=\"Per visitare Cuba in auto \u00e8 necessario rispettare alcune regole: leggi il nostro articolo per sapere come guidare a Cuba e parti con le nostre offerte!\" \/>\n<meta name=\"robots\" content=\"index, follow, max-snippet:-1, max-image-preview:large, max-video-preview:-1\" \/>\n<link rel=\"canonical\" href=\"https:\/\/cuba.evolutiontravel.it\/infovacanze\/informazioni\/cuba-in-auto\/\" \/>\n<meta property=\"og:locale\" content=\"it_IT\" \/>\n<meta property=\"og:type\" content=\"article\" \/>\n<meta property=\"og:title\" content=\"Guidare a Cuba: consigli di viaggio sulle 4 ruote, in tutta sicurezza\" \/>\n<meta property=\"og:description\" content=\"Per visitare Cuba in auto \u00e8 necessario rispettare alcune regole: leggi il nostro articolo per sapere come guidare a Cuba e parti con le nostre offerte!\" \/>\n<meta property=\"og:url\" content=\"https:\/\/cuba.evolutiontravel.it\/infovacanze\/informazioni\/cuba-in-auto\/\" \/>\n<meta property=\"og:site_name\" content=\"Cuba\" \/>\n<meta property=\"article:modified_time\" content=\"2019-03-18T15:31:23+00:00\" \/>\n<meta name=\"twitter:label1\" content=\"Tempo di lettura stimato\" \/>\n\t<meta name=\"twitter:data1\" content=\"2 minuti\" \/>\n<script type=\"application\/ld+json\" class=\"yoast-schema-graph\">{\"@context\":\"https:\/\/schema.org\",\"@graph\":[{\"@type\":\"WebPage\",\"@id\":\"https:\/\/cuba.evolutiontravel.it\/infovacanze\/informazioni\/cuba-in-auto\/\",\"url\":\"https:\/\/cuba.evolutiontravel.it\/infovacanze\/informazioni\/cuba-in-auto\/\",\"name\":\"Guidare a Cuba: consigli di viaggio sulle 4 ruote, in tutta sicurezza\",\"isPartOf\":{\"@id\":\"https:\/\/cuba.evolutiontravel.it\/infovacanze\/#website\"},\"datePublished\":\"2014-06-25T15:47:27+00:00\",\"dateModified\":\"2019-03-18T15:31:23+00:00\",\"description\":\"Per visitare Cuba in auto \u00e8 necessario rispettare alcune regole: leggi il nostro articolo per sapere come guidare a Cuba e parti con le nostre offerte!\",\"breadcrumb\":{\"@id\":\"https:\/\/cuba.evolutiontravel.it\/infovacanze\/informazioni\/cuba-in-auto\/#breadcrumb\"},\"inLanguage\":\"it-IT\",\"potentialAction\":[{\"@type\":\"ReadAction\",\"target\":[\"https:\/\/cuba.evolutiontravel.it\/infovacanze\/informazioni\/cuba-in-auto\/\"]}]},{\"@type\":\"BreadcrumbList\",\"@id\":\"https:\/\/cuba.evolutiontravel.it\/infovacanze\/informazioni\/cuba-in-auto\/#breadcrumb\",\"itemListElement\":[{\"@type\":\"ListItem\",\"position\":1,\"name\":\"Informazioni su Cuba\",\"item\":\"https:\/\/cuba.evolutiontravel.it\/infovacanze\/informazioni\/\"},{\"@type\":\"ListItem\",\"position\":2,\"name\":\"Guidare a Cuba\"}]},{\"@type\":\"WebSite\",\"@id\":\"https:\/\/cuba.evolutiontravel.it\/infovacanze\/#website\",\"url\":\"https:\/\/cuba.evolutiontravel.it\/infovacanze\/\",\"name\":\"Cuba\",\"description\":\"\",\"potentialAction\":[{\"@type\":\"SearchAction\",\"target\":{\"@type\":\"EntryPoint\",\"urlTemplate\":\"https:\/\/cuba.evolutiontravel.it\/infovacanze\/?s={search_term_string}\"},\"query-input\":\"required name=search_term_string\"}],\"inLanguage\":\"it-IT\"}]}<\/script>\n<!-- \/ Yoast SEO plugin. -->","yoast_head_json":{"title":"Guidare a Cuba: consigli di viaggio sulle 4 ruote, in tutta sicurezza","description":"Per visitare Cuba in auto \u00e8 necessario rispettare alcune regole: leggi il nostro articolo per sapere come guidare a Cuba e parti con le nostre offerte!","robots":{"index":"index","follow":"follow","max-snippet":"max-snippet:-1","max-image-preview":"max-image-preview:large","max-video-preview":"max-video-preview:-1"},"canonical":"https:\/\/cuba.evolutiontravel.it\/infovacanze\/informazioni\/cuba-in-auto\/","og_locale":"it_IT","og_type":"article","og_title":"Guidare a Cuba: consigli di viaggio sulle 4 ruote, in tutta sicurezza","og_description":"Per visitare Cuba in auto \u00e8 necessario rispettare alcune regole: leggi il nostro articolo per sapere come guidare a Cuba e parti con le nostre offerte!","og_url":"https:\/\/cuba.evolutiontravel.it\/infovacanze\/informazioni\/cuba-in-auto\/","og_site_name":"Cuba","article_modified_time":"2019-03-18T15:31:23+00:00","twitter_misc":{"Tempo di lettura stimato":"2 minuti"},"schema":{"@context":"https:\/\/schema.org","@graph":[{"@type":"WebPage","@id":"https:\/\/cuba.evolutiontravel.it\/infovacanze\/informazioni\/cuba-in-auto\/","url":"https:\/\/cuba.evolutiontravel.it\/infovacanze\/informazioni\/cuba-in-auto\/","name":"Guidare a Cuba: consigli di viaggio sulle 4 ruote, in tutta sicurezza","isPartOf":{"@id":"https:\/\/cuba.evolutiontravel.it\/infovacanze\/#website"},"datePublished":"2014-06-25T15:47:27+00:00","dateModified":"2019-03-18T15:31:23+00:00","description":"Per visitare Cuba in auto \u00e8 necessario rispettare alcune regole: leggi il nostro articolo per sapere come guidare a Cuba e parti con le nostre offerte!","breadcrumb":{"@id":"https:\/\/cuba.evolutiontravel.it\/infovacanze\/informazioni\/cuba-in-auto\/#breadcrumb"},"inLanguage":"it-IT","potentialAction":[{"@type":"ReadAction","target":["https:\/\/cuba.evolutiontravel.it\/infovacanze\/informazioni\/cuba-in-auto\/"]}]},{"@type":"BreadcrumbList","@id":"https:\/\/cuba.evolutiontravel.it\/infovacanze\/informazioni\/cuba-in-auto\/#breadcrumb","itemListElement":[{"@type":"ListItem","position":1,"name":"Informazioni su Cuba","item":"https:\/\/cuba.evolutiontravel.it\/infovacanze\/informazioni\/"},{"@type":"ListItem","position":2,"name":"Guidare a Cuba"}]},{"@type":"WebSite","@id":"https:\/\/cuba.evolutiontravel.it\/infovacanze\/#website","url":"https:\/\/cuba.evolutiontravel.it\/infovacanze\/","name":"Cuba","description":"","potentialAction":[{"@type":"SearchAction","target":{"@type":"EntryPoint","urlTemplate":"https:\/\/cuba.evolutiontravel.it\/infovacanze\/?s={search_term_string}"},"query-input":"required name=search_term_string"}],"inLanguage":"it-IT"}]}},"_links":{"self":[{"href":"https:\/\/cuba.evolutiontravel.it\/infovacanze\/wp-json\/wp\/v2\/pages\/52"}],"collection":[{"href":"https:\/\/cuba.evolutiontravel.it\/infovacanze\/wp-json\/wp\/v2\/pages"}],"about":[{"href":"https:\/\/cuba.evolutiontravel.it\/infovacanze\/wp-json\/wp\/v2\/types\/page"}],"author":[{"embeddable":true,"href":"https:\/\/cuba.evolutiontravel.it\/infovacanze\/wp-json\/wp\/v2\/users\/6"}],"replies":[{"embeddable":true,"href":"https:\/\/cuba.evolutiontravel.it\/infovacanze\/wp-json\/wp\/v2\/comments?post=52"}],"version-history":[{"count":17,"href":"https:\/\/cuba.evolutiontravel.it\/infovacanze\/wp-json\/wp\/v2\/pages\/52\/revisions"}],"predecessor-version":[{"id":545,"href":"https:\/\/cuba.evolutiontravel.it\/infovacanze\/wp-json\/wp\/v2\/pages\/52\/revisions\/545"}],"up":[{"embeddable":true,"href":"https:\/\/cuba.evolutiontravel.it\/infovacanze\/wp-json\/wp\/v2\/pages\/8"}],"wp:attachment":[{"href":"https:\/\/cuba.evolutiontravel.it\/infovacanze\/wp-json\/wp\/v2\/media?parent=52"}],"curies":[{"name":"wp","href":"https:\/\/api.w.org\/{rel}","templated":true}]}}