{"id":50,"date":"2014-06-25T17:46:33","date_gmt":"2014-06-25T15:46:33","guid":{"rendered":"http:\/\/cuba.evolutiontravel.it\/infovacanze\/?page_id=50"},"modified":"2019-03-18T16:06:43","modified_gmt":"2019-03-18T15:06:43","slug":"cuba-in-bicicletta","status":"publish","type":"page","link":"https:\/\/cuba.evolutiontravel.it\/infovacanze\/informazioni\/cuba-in-bicicletta\/","title":{"rendered":"Cuba in bicicletta"},"content":{"rendered":"<p>Il <strong>cicloturismo a Cuba<\/strong> va molto di moda soprattutto tra i viaggioatori che vogliono<strong> visitare le zone meno turistiche<\/strong> di questa isola dei Caraibi.<\/p>\n<p><strong>Pedalare \u00e8 un modo ecologico e salutare<\/strong> per percorrere strade meno battute dal turismo di massa, <strong>fare tour<\/strong> alla scoperta di piccole citt\u00e0 e tenersi in forma anche in vacanza!<\/p>\n<p>C&#8217;\u00e8 anche chi sceglie di fare a Cuba <strong>un&#8217;intera vacanza in bici<\/strong>, <strong>con tour di pi\u00f9 tappe<\/strong> e magari noleggiando una <strong>bicicletta elettrica<\/strong>.<\/p>\n<p>Durante il giorno ci si sposta pedalando su strade secondarie arricchendo l&#8217;esperienza con visite alle principali attrazioni che si incontrano lungo il percorso sulle due ruote. Per esempio \u00e8 pi\u00f9 facile arrivare alle fabbriche di tabacco, alle botteghe di argitiganato locale o alle capanne di Fidel Castro utilizzate durante la rivoluzione.<\/p>\n<div id=\"attachment_245\" style=\"width: 310px\" class=\"wp-caption alignright\"><img loading=\"lazy\" decoding=\"async\" aria-describedby=\"caption-attachment-245\" class=\"wp-image-245 size-medium\" src=\"http:\/\/cuba.evolutiontravel.it\/infovacanze\/wp-content\/uploads\/sites\/22\/2014\/07\/trinidad-300x166.jpg\" alt=\"citt\u00e0 cubane colorate\" width=\"300\" height=\"166\" srcset=\"https:\/\/cuba.evolutiontravel.it\/infovacanze\/wp-content\/uploads\/sites\/22\/2014\/07\/trinidad-300x166.jpg 300w, https:\/\/cuba.evolutiontravel.it\/infovacanze\/wp-content\/uploads\/sites\/22\/2014\/07\/trinidad.jpg 500w\" sizes=\"(max-width: 300px) 100vw, 300px\" \/><p id=\"caption-attachment-245\" class=\"wp-caption-text\">Strade e citt\u00e0 cubane caratteristiche<\/p><\/div>\n<p>Generalmente i nostri noi organizziamo &#8220;<strong>biciclettate di gruppo<\/strong>&#8221; perch\u00e8 \u00e8 la soluzione ottimale in termini di prezzi e sicurezza, infatti c&#8217;\u00e8 sempre una guida esperta e qualificata.<\/p>\n<p><strong>Cuba \u00e8 sicura<\/strong> ma, come per ogni paese, <a title=\"cuba cosa evitare\" href=\"https:\/\/cuba.evolutiontravel.it\/infovacanze\/davedere\/evitare\/\">ci sono cose da evitare<\/a> e sicuramente essere guidati in queste pedalate da chi conosce perfettamente il territorio \u00e8 una garanzia in pi\u00f9.<\/p>\n<p>&nbsp;<\/p>\n<h2>Cuba: 160 km in bici, in 8 giorni<\/h2>\n<p>In questo <strong>itinerario sulle due ruote<\/strong> che dura 8 giorni vedrete: <a title=\"capitale l'avana\" href=\"https:\/\/cuba.evolutiontravel.it\/infovacanze\/davedere\/havana\/\">L&#8217;Avana<\/a>, <a title=\"pianr del rio\" href=\"https:\/\/cuba.evolutiontravel.it\/infovacanze\/davedere\/pinar-del-rio\/\">Pinar del Rio<\/a>, Vinales Valley, Cayo Jutias, valle di Anc\u00f3n, Soroa, Las Terrazas. E poi si ritorna nella capitale prendendo un bus.<\/p>\n<ul>\n<li><strong>Primi 10 km <\/strong>in bici: da <strong>L&#8217;Avana a Vinales Vallery<\/strong> passando per <strong>Pinar del Rio<\/strong><\/li>\n<li><strong>55 km <\/strong>di pedalata in facili saliscendi: da <strong>Cayo Jutias<\/strong> a <em>Sierra de \u00d3reganos<\/em>.<\/li>\n<li><strong>30 km<\/strong> sul sellino e arriviamo a <strong>Valle di Anc\u00f3n<\/strong> con sosta presso le capanne di Fidel Castro<\/li>\n<li><strong>45 km<\/strong> per arrivare a <strong>Soroa<\/strong>: non sentirete minimamente la fatica perch\u00e8 gli spettacoli sono straordinari.<\/li>\n<li><strong>20 km<\/strong> di pedalata da <strong>Las Terrazas<\/strong> nel cuore della <strong>foresta Patrimonio Unesco, Sierra del Rosario<\/strong>.<\/li>\n<\/ul>\n<p>Infine, il giorno seguente, si torna in bus a l&#8217;Avana per una visita alla citt\u00e0 e alle sue numerose attrazioni.<\/p>\n<p>Nella mappa (Google Maps) sottostante abbiamo messo le varie tappe elencate sopra che toccherete con il giro in bici, considerate per\u00f2 che i percorsi possono essere personalizzati in base alle esigenze.<\/p>\n<p>&nbsp;<\/p>\n<p style=\"text-align: center\"><img loading=\"lazy\" decoding=\"async\" class=\"alignnone wp-image-538 size-full\" src=\"https:\/\/cuba.evolutiontravel.it\/infovacanze\/wp-content\/uploads\/sites\/22\/2019\/03\/mappa-cicloturismo-cuba.png\" alt=\"google maps percorso cuba in bici\" width=\"550\" height=\"249\" srcset=\"https:\/\/cuba.evolutiontravel.it\/infovacanze\/wp-content\/uploads\/sites\/22\/2019\/03\/mappa-cicloturismo-cuba.png 550w, https:\/\/cuba.evolutiontravel.it\/infovacanze\/wp-content\/uploads\/sites\/22\/2019\/03\/mappa-cicloturismo-cuba-300x136.png 300w\" sizes=\"(max-width: 550px) 100vw, 550px\" \/><\/p>\n<p>&nbsp;<\/p>\n<p>Insomma, vivere Cuba in bicicletta \u00e8 certamente <strong>una maniera inedita di addentrarsi in un luogo meraviglioso <a title=\"cuba cosa vedere\" href=\"https:\/\/cuba.evolutiontravel.it\/infovacanze\/davedere\/\">ricco di attrazioni<\/a>,<\/strong> potendone gustare paesaggi, strade e panorami assolutamente speciali!<\/p>\n<p><strong>Chiedici tutte le informazioni di cui hai bisogno<\/strong>, mettiamo a tua disposizione, gratuitamente, la nostra esperienza e professionalit\u00e0!<\/p>\n<p>&nbsp;<\/p>\n<h3 style=\"text-align: center\">TUTTE LE NOSTRE <span style=\"color: #008000\">MIGLIORI OFFERTE<\/span> PER CUBA<\/h3>\n<p style=\"text-align: center\"><strong><span style=\"color: #008000\">CLICCA ADESSO E NON PERDERE L&#8217;OCCASIONE!<\/span><\/strong><\/p>\n<p style=\"text-align: center\">Scopri subito: programma e tour dettagliato, localit\u00e0 che visiterari, commenti, foto e molto altro!<\/p>\n<div class=\"feedzy-49e11f09a399c55eea88bb708cc511c7 feedzy-rss\"><ul>Feed has no items.<\/ul> <\/div>\n","protected":false},"excerpt":{"rendered":"<p>Il cicloturismo a Cuba va molto di moda soprattutto tra i viaggioatori che vogliono visitare le zone meno turistiche di questa isola dei Caraibi. Pedalare \u00e8 un modo ecologico e salutare per percorrere strade meno battute dal turismo di massa, fare tour alla scoperta di piccole citt\u00e0 e tenersi in forma anche in vacanza! C&#8217;\u00e8 <a class=\"moretag\" href=\"https:\/\/cuba.evolutiontravel.it\/infovacanze\/informazioni\/cuba-in-bicicletta\/\">[&#8230;]<\/a><\/p>\n","protected":false},"author":6,"featured_media":0,"parent":8,"menu_order":0,"comment_status":"closed","ping_status":"open","template":"templates\/template-with-right-sidebar.php","meta":{"footnotes":""},"yoast_head":"<!-- This site is optimized with the Yoast SEO plugin v21.9.1 - https:\/\/yoast.com\/wordpress\/plugins\/seo\/ -->\n<title>Cicloturismo Cuba: 160 km in bicicletta partendo da L&#039;Avana<\/title>\n<meta name=\"description\" content=\"Hai mai pensato a visitare Cuba in bicicletta? Ecco qui alcuni consigli utili per un viaggio a Cuba slow ed ecologico con Evolution Travel!\" \/>\n<meta name=\"robots\" content=\"index, follow, max-snippet:-1, max-image-preview:large, max-video-preview:-1\" \/>\n<link rel=\"canonical\" href=\"https:\/\/cuba.evolutiontravel.it\/infovacanze\/informazioni\/cuba-in-bicicletta\/\" \/>\n<meta property=\"og:locale\" content=\"it_IT\" \/>\n<meta property=\"og:type\" content=\"article\" \/>\n<meta property=\"og:title\" content=\"Cicloturismo Cuba: 160 km in bicicletta partendo da L&#039;Avana\" \/>\n<meta property=\"og:description\" content=\"Hai mai pensato a visitare Cuba in bicicletta? Ecco qui alcuni consigli utili per un viaggio a Cuba slow ed ecologico con Evolution Travel!\" \/>\n<meta property=\"og:url\" content=\"https:\/\/cuba.evolutiontravel.it\/infovacanze\/informazioni\/cuba-in-bicicletta\/\" \/>\n<meta property=\"og:site_name\" content=\"Cuba\" \/>\n<meta property=\"article:modified_time\" content=\"2019-03-18T15:06:43+00:00\" \/>\n<meta property=\"og:image\" content=\"http:\/\/cuba.evolutiontravel.it\/infovacanze\/wp-content\/uploads\/sites\/22\/2014\/07\/trinidad-300x166.jpg\" \/>\n<meta name=\"twitter:label1\" content=\"Tempo di lettura stimato\" \/>\n\t<meta name=\"twitter:data1\" content=\"2 minuti\" \/>\n<script type=\"application\/ld+json\" class=\"yoast-schema-graph\">{\"@context\":\"https:\/\/schema.org\",\"@graph\":[{\"@type\":\"WebPage\",\"@id\":\"https:\/\/cuba.evolutiontravel.it\/infovacanze\/informazioni\/cuba-in-bicicletta\/\",\"url\":\"https:\/\/cuba.evolutiontravel.it\/infovacanze\/informazioni\/cuba-in-bicicletta\/\",\"name\":\"Cicloturismo Cuba: 160 km in bicicletta partendo da L'Avana\",\"isPartOf\":{\"@id\":\"https:\/\/cuba.evolutiontravel.it\/infovacanze\/#website\"},\"datePublished\":\"2014-06-25T15:46:33+00:00\",\"dateModified\":\"2019-03-18T15:06:43+00:00\",\"description\":\"Hai mai pensato a visitare Cuba in bicicletta? Ecco qui alcuni consigli utili per un viaggio a Cuba slow ed ecologico con Evolution Travel!\",\"breadcrumb\":{\"@id\":\"https:\/\/cuba.evolutiontravel.it\/infovacanze\/informazioni\/cuba-in-bicicletta\/#breadcrumb\"},\"inLanguage\":\"it-IT\",\"potentialAction\":[{\"@type\":\"ReadAction\",\"target\":[\"https:\/\/cuba.evolutiontravel.it\/infovacanze\/informazioni\/cuba-in-bicicletta\/\"]}]},{\"@type\":\"BreadcrumbList\",\"@id\":\"https:\/\/cuba.evolutiontravel.it\/infovacanze\/informazioni\/cuba-in-bicicletta\/#breadcrumb\",\"itemListElement\":[{\"@type\":\"ListItem\",\"position\":1,\"name\":\"Informazioni su Cuba\",\"item\":\"https:\/\/cuba.evolutiontravel.it\/infovacanze\/informazioni\/\"},{\"@type\":\"ListItem\",\"position\":2,\"name\":\"Cuba in bicicletta\"}]},{\"@type\":\"WebSite\",\"@id\":\"https:\/\/cuba.evolutiontravel.it\/infovacanze\/#website\",\"url\":\"https:\/\/cuba.evolutiontravel.it\/infovacanze\/\",\"name\":\"Cuba\",\"description\":\"\",\"potentialAction\":[{\"@type\":\"SearchAction\",\"target\":{\"@type\":\"EntryPoint\",\"urlTemplate\":\"https:\/\/cuba.evolutiontravel.it\/infovacanze\/?s={search_term_string}\"},\"query-input\":\"required name=search_term_string\"}],\"inLanguage\":\"it-IT\"}]}<\/script>\n<!-- \/ Yoast SEO plugin. -->","yoast_head_json":{"title":"Cicloturismo Cuba: 160 km in bicicletta partendo da L'Avana","description":"Hai mai pensato a visitare Cuba in bicicletta? Ecco qui alcuni consigli utili per un viaggio a Cuba slow ed ecologico con Evolution Travel!","robots":{"index":"index","follow":"follow","max-snippet":"max-snippet:-1","max-image-preview":"max-image-preview:large","max-video-preview":"max-video-preview:-1"},"canonical":"https:\/\/cuba.evolutiontravel.it\/infovacanze\/informazioni\/cuba-in-bicicletta\/","og_locale":"it_IT","og_type":"article","og_title":"Cicloturismo Cuba: 160 km in bicicletta partendo da L'Avana","og_description":"Hai mai pensato a visitare Cuba in bicicletta? Ecco qui alcuni consigli utili per un viaggio a Cuba slow ed ecologico con Evolution Travel!","og_url":"https:\/\/cuba.evolutiontravel.it\/infovacanze\/informazioni\/cuba-in-bicicletta\/","og_site_name":"Cuba","article_modified_time":"2019-03-18T15:06:43+00:00","og_image":[{"url":"http:\/\/cuba.evolutiontravel.it\/infovacanze\/wp-content\/uploads\/sites\/22\/2014\/07\/trinidad-300x166.jpg"}],"twitter_misc":{"Tempo di lettura stimato":"2 minuti"},"schema":{"@context":"https:\/\/schema.org","@graph":[{"@type":"WebPage","@id":"https:\/\/cuba.evolutiontravel.it\/infovacanze\/informazioni\/cuba-in-bicicletta\/","url":"https:\/\/cuba.evolutiontravel.it\/infovacanze\/informazioni\/cuba-in-bicicletta\/","name":"Cicloturismo Cuba: 160 km in bicicletta partendo da L'Avana","isPartOf":{"@id":"https:\/\/cuba.evolutiontravel.it\/infovacanze\/#website"},"datePublished":"2014-06-25T15:46:33+00:00","dateModified":"2019-03-18T15:06:43+00:00","description":"Hai mai pensato a visitare Cuba in bicicletta? Ecco qui alcuni consigli utili per un viaggio a Cuba slow ed ecologico con Evolution Travel!","breadcrumb":{"@id":"https:\/\/cuba.evolutiontravel.it\/infovacanze\/informazioni\/cuba-in-bicicletta\/#breadcrumb"},"inLanguage":"it-IT","potentialAction":[{"@type":"ReadAction","target":["https:\/\/cuba.evolutiontravel.it\/infovacanze\/informazioni\/cuba-in-bicicletta\/"]}]},{"@type":"BreadcrumbList","@id":"https:\/\/cuba.evolutiontravel.it\/infovacanze\/informazioni\/cuba-in-bicicletta\/#breadcrumb","itemListElement":[{"@type":"ListItem","position":1,"name":"Informazioni su Cuba","item":"https:\/\/cuba.evolutiontravel.it\/infovacanze\/informazioni\/"},{"@type":"ListItem","position":2,"name":"Cuba in bicicletta"}]},{"@type":"WebSite","@id":"https:\/\/cuba.evolutiontravel.it\/infovacanze\/#website","url":"https:\/\/cuba.evolutiontravel.it\/infovacanze\/","name":"Cuba","description":"","potentialAction":[{"@type":"SearchAction","target":{"@type":"EntryPoint","urlTemplate":"https:\/\/cuba.evolutiontravel.it\/infovacanze\/?s={search_term_string}"},"query-input":"required name=search_term_string"}],"inLanguage":"it-IT"}]}},"_links":{"self":[{"href":"https:\/\/cuba.evolutiontravel.it\/infovacanze\/wp-json\/wp\/v2\/pages\/50"}],"collection":[{"href":"https:\/\/cuba.evolutiontravel.it\/infovacanze\/wp-json\/wp\/v2\/pages"}],"about":[{"href":"https:\/\/cuba.evolutiontravel.it\/infovacanze\/wp-json\/wp\/v2\/types\/page"}],"author":[{"embeddable":true,"href":"https:\/\/cuba.evolutiontravel.it\/infovacanze\/wp-json\/wp\/v2\/users\/6"}],"replies":[{"embeddable":true,"href":"https:\/\/cuba.evolutiontravel.it\/infovacanze\/wp-json\/wp\/v2\/comments?post=50"}],"version-history":[{"count":14,"href":"https:\/\/cuba.evolutiontravel.it\/infovacanze\/wp-json\/wp\/v2\/pages\/50\/revisions"}],"predecessor-version":[{"id":543,"href":"https:\/\/cuba.evolutiontravel.it\/infovacanze\/wp-json\/wp\/v2\/pages\/50\/revisions\/543"}],"up":[{"embeddable":true,"href":"https:\/\/cuba.evolutiontravel.it\/infovacanze\/wp-json\/wp\/v2\/pages\/8"}],"wp:attachment":[{"href":"https:\/\/cuba.evolutiontravel.it\/infovacanze\/wp-json\/wp\/v2\/media?parent=50"}],"curies":[{"name":"wp","href":"https:\/\/api.w.org\/{rel}","templated":true}]}}