{"id":48,"date":"2014-06-25T17:45:33","date_gmt":"2014-06-25T15:45:33","guid":{"rendered":"http:\/\/cuba.evolutiontravel.it\/infovacanze\/?page_id=48"},"modified":"2019-03-20T09:30:32","modified_gmt":"2019-03-20T08:30:32","slug":"historia-y-cultura","status":"publish","type":"page","link":"https:\/\/cuba.evolutiontravel.it\/infovacanze\/informazioni\/historia-y-cultura\/","title":{"rendered":"Cuba, non solo mare!"},"content":{"rendered":"<p><strong><em>Guantanamera<\/em><\/strong> \u00e8 una delle <strong>canzoni cubane pi\u00f9 famose<\/strong>, entrata oramai a far parte anche della nostra cultura. Il testo della canzone fu preso dalla raccolta <em>Versos Sencillo<\/em>s del famoso scrittore cubano\u00a0 <strong>Jos\u00e9 Juli\u00e1n Mart\u00ed P\u00e9rez<\/strong>.<\/p>\n<p>Ed \u00e8\u00a0 la <strong>musica<\/strong> a caratterizzare pi\u00f9 di ogni altra cosa questo paese. A Cuba sono infatti nati alcuni generi musicali ormai famosissimi come la <strong>salsa<\/strong>, il <strong>mambo<\/strong> e il <strong>son<\/strong> che ha dato il via ai ritmi caraibici.<\/p>\n<p>Ecco solo un esempio di quanto il contributo culturale di un paese pu\u00f2 arricchierne un altro.<\/p>\n<p><strong>Cuba<\/strong> vanta infatti una <strong>storia tra le pi\u00f9 ricche<\/strong> delle isole caraibiche forse proprio per la vitalit\u00e0 della popolazione: per la maggior parte erano schiavi provenienti dal Congo e dalla Nigeria con la presenza di una piccola parte cinese.<\/p>\n<p>Questo <strong>melting pot<\/strong> \u00e8 divenuto la base per una <strong>cultura dinamica e originale<\/strong> che ha fatto dei cubani una popolazione allegra, ospitale e comunicativa.<\/p>\n<div id=\"attachment_32\" style=\"width: 810px\" class=\"wp-caption aligncenter\"><img loading=\"lazy\" decoding=\"async\" aria-describedby=\"caption-attachment-32\" class=\"wp-image-32 size-full\" src=\"https:\/\/cuba.evolutiontravel.it\/infovacanze\/wp-content\/uploads\/sites\/22\/2014\/05\/Virgen-San-Crist\u00f3bal-Santiago.jpg\" alt=\"Virgen San Crist\u00f3bal - Santiago\" width=\"800\" height=\"600\" srcset=\"https:\/\/cuba.evolutiontravel.it\/infovacanze\/wp-content\/uploads\/sites\/22\/2014\/05\/Virgen-San-Crist\u00f3bal-Santiago.jpg 800w, https:\/\/cuba.evolutiontravel.it\/infovacanze\/wp-content\/uploads\/sites\/22\/2014\/05\/Virgen-San-Crist\u00f3bal-Santiago-300x225.jpg 300w, https:\/\/cuba.evolutiontravel.it\/infovacanze\/wp-content\/uploads\/sites\/22\/2014\/05\/Virgen-San-Crist\u00f3bal-Santiago-400x300.jpg 400w\" sizes=\"(max-width: 800px) 100vw, 800px\" \/><p id=\"caption-attachment-32\" class=\"wp-caption-text\">Virgen San Crist\u00f3bal &#8211; Santiago<\/p><\/div>\n<p>Poi, ovviamente, quando si parla di Cuba si parla per forza di <strong>Fidel Castro<\/strong>.<\/p>\n<p>La battaglia contro Fulgencio Batista, la collaborazione con Ernesto Che Guevara, l\u2019insurrezione, i rapporti conflittuali con gli Stati Uniti, la crisi dei missili, l\u2019embargo.<\/p>\n<p>Tutto questo si riflette anche in ambito turistico e infatti <strong>l\u2019isola non \u00e8 solo una meta di vacanze\u00a0 al mare<\/strong>. Praticamente in tutte le citt\u00e0 cubane ci sono club musicali e centri culturali.<\/p>\n<p>Nel dettaglio, a Cuba ci sono:<\/p>\n<ul>\n<li><strong>300 musei, tra i quali la casa di Ernest Hemingway<br \/>\n<\/strong><\/li>\n<li>pi\u00f9 di <strong>100 gallerie d\u2019arte<\/strong><\/li>\n<li><strong>46 scuole d\u2019arte<\/strong><\/li>\n<li><strong>70 teatri<\/strong>.<\/li>\n<\/ul>\n<p>Ecco perch\u00e8 <strong>una vacanza qui dovrebbe durare mesi!<\/strong> Comunque, anche se non hai tutto questo tempo a disposizione, puoi per esempio fare un <a href=\"https:\/\/cuba.evolutiontravel.it\/infovacanze\/informazioni\/cuba-in-bicicletta\/\">tour in bici<\/a> o prendere in affitto un&#8217;auto e creare un percorso tutto tuo!<\/p>\n<p>Infine <strong>una curiosit\u00e0<\/strong>, <a href=\"https:\/\/cuba.evolutiontravel.it\/infovacanze\/davedere\/\">tra le cose di Cuba dichiarate patrimonio dell&#8217;Umanit\u00e0 dall&#8217;Unesco<\/a> c&#8217;\u00e8 perfino un ballo, <strong>la Tumba Francesa!<\/strong><\/p>\n<p>&nbsp;<\/p>\n<p><strong><span style=\"color: #008000\">Insomma a Cuba c&#8217;\u00e8 posto per ogni tipo di turista e noi realizziamo il tuo sogno!<\/span><\/strong><\/p>\n<h3 style=\"text-align: center\">Offerte viaggi e vacanze a Cuba<\/h3>\n<p style=\"text-align: center\"><strong><span style=\"color: #008000\">CLICCA SUBITO PER VEDERE TUTTI I DETTAGLI<\/span><\/strong>:<\/p>\n<p style=\"text-align: center\"><strong>programma<\/strong>, <strong>commenti<\/strong>, <strong>foto<\/strong>, <strong>itinerari<\/strong> e molto altro!<\/p>\n<div class=\"feedzy-3ecfa943c89438ef60a1e75d3b0795b0 feedzy-rss\">\n\t\t<ul class=\"feedzy-style2\">\n\t\t\t\t\t<li  style=\"padding: 23px 0 38px\" class=\"rss_item feedzy-rss-col-3\" >\n\t\t\t\t\t\t\t\t\t<div class=\"rss_image\" style=\"width:225px; height:225px;\">\n\t\t\t\t\t\t<a href=\"https:\/\/cuba.evolutiontravel.it\/it_IT\/901\/tab\/2149_avventure-caraibiche-tra-storia-mare-e-cultura-partenza-di-gruppo-data-fissa.html\" target=\"_blank\" \n\t\t\t\t\t\t\trel=\"noopener \"\n\t\t\t\t\t\t\ttitle=\"Avventure Caraibiche tra Storia, Mare e Cultura. Partenza di Gruppo Data Fissa\"\n\t\t\t\t\t\t\tstyle=\"width:225px; height:225px;\">\n\t\t\t\t\t\t\t<span class=\"fetched\" style=\"background-image:  url('http:\/\/etcdn.net\/thumbnails\/2149\/it-varadero-avventure-caraibiche-tra-storia-mare-e-cultura-partenza-di-gruppo-data-fissa-87a81.jpg');\" title=\"Avventure Caraibiche tra Storia, Mare e Cultura. Partenza di Gruppo Data Fissa\"><\/span><amp-img width=\"225\" height=\"225\" src=\"http:\/\/etcdn.net\/thumbnails\/2149\/it-varadero-avventure-caraibiche-tra-storia-mare-e-cultura-partenza-di-gruppo-data-fissa-87a81.jpg\">\t\t\t\t\t\t<\/a>\n\t\t\t\t\t<\/div>\n\t\t\t\t\t\t\t\t<div class=\"rss_content_wrap\">\n\t\t\t\t\t<span class=\"title\">\n\t\t\t\t\t\t<a href=\"https:\/\/cuba.evolutiontravel.it\/it_IT\/901\/tab\/2149_avventure-caraibiche-tra-storia-mare-e-cultura-partenza-di-gruppo-data-fissa.html\" target=\"_blank\"  rel=\"noopener \">\n\t\t\t\t\t\t\tAvventure Caraibiche tra Storia, Mare e Cultura. Partenza di Gruppo Data Fissa\t\t\t\t\t\t<\/a>\n\t\t\t\t\t<\/span>\n\t\t\t\t\t<div class=\"rss_content\"\n\t\t\t\t\t\t\tstyle=\"\">\n\t\t\t\t\t\t\n\t\t\t\t\t\t\t\t\t\t\t\t<p class=\"description\">Scopri un itinerario esclusivo tra citt\u00e0 coloniali, spiagge bianche, natura incontaminata e sapori autentici: viaggio di gruppo [&hellip;]<\/p>\n\t\t\t\t\t\t\n\t\t\t\t\t\t\t\t\t\t\t\t\t\t\t\t\t\t\t<div class=\"price-wrap\">\n\t\t\t\t\t\t\t\t<a href=\"https:\/\/cuba.evolutiontravel.it\/it_IT\/901\/tab\/2149_avventure-caraibiche-tra-storia-mare-e-cultura-partenza-di-gruppo-data-fissa.html\" target=\"_blank\" rel=\"noopener\"><button class=\"price\"> 2449<\/button><\/a>\n\t\t\t\t\t\t\t<\/div>\n\t\t\t\t\t\t\t\t\t\t\t<\/div>\n\t\t\t\t<\/div>\n\t\t\t<\/li>\n\t\t\t\t\t\t<li  style=\"padding: 23px 0 38px\" class=\"rss_item feedzy-rss-col-3\" >\n\t\t\t\t\t\t\t\t\t<div class=\"rss_image\" style=\"width:225px; height:225px;\">\n\t\t\t\t\t\t<a href=\"https:\/\/cuba.evolutiontravel.it\/it_IT\/901\/tab\/41607_lavana-e-il-mare-con-escursioni-viaggio-di-gruppo-ponte-1-maggio-data-fissa-speciale-single.html\" target=\"_blank\" \n\t\t\t\t\t\t\trel=\"noopener \"\n\t\t\t\t\t\t\ttitle=\"L&#039;Avana e il mare con escursioni - Viaggio di gruppo Ponte 1\u00b0 Maggio Data fissa - Speciale Single\"\n\t\t\t\t\t\t\tstyle=\"width:225px; height:225px;\">\n\t\t\t\t\t\t\t<span class=\"fetched\" style=\"background-image:  url('http:\/\/etcdn.net\/thumbnails\/24724\/it-varadero-la-capitale-e-il-mare-speciale-15-agosto-da-malpensa-fiumicino-venezia-bologna-napoli-8187a.jpg');\" title=\"L&#039;Avana e il mare con escursioni - Viaggio di gruppo Ponte 1\u00b0 Maggio Data fissa - Speciale Single\"><\/span><amp-img width=\"225\" height=\"225\" src=\"http:\/\/etcdn.net\/thumbnails\/24724\/it-varadero-la-capitale-e-il-mare-speciale-15-agosto-da-malpensa-fiumicino-venezia-bologna-napoli-8187a.jpg\">\t\t\t\t\t\t<\/a>\n\t\t\t\t\t<\/div>\n\t\t\t\t\t\t\t\t<div class=\"rss_content_wrap\">\n\t\t\t\t\t<span class=\"title\">\n\t\t\t\t\t\t<a href=\"https:\/\/cuba.evolutiontravel.it\/it_IT\/901\/tab\/41607_lavana-e-il-mare-con-escursioni-viaggio-di-gruppo-ponte-1-maggio-data-fissa-speciale-single.html\" target=\"_blank\"  rel=\"noopener \">\n\t\t\t\t\t\t\tL'Avana e il mare con escursioni - Viaggio di gruppo Ponte 1\u00b0 Maggio Data fissa - Speciale Single\t\t\t\t\t\t<\/a>\n\t\t\t\t\t<\/span>\n\t\t\t\t\t<div class=\"rss_content\"\n\t\t\t\t\t\t\tstyle=\"\">\n\t\t\t\t\t\t\n\t\t\t\t\t\t\t\t\t\t\t\t<p class=\"description\">Qualche notte all\u00ec l'Avana e poi sulla\u00a0spiaggia bianca\u00a0di Varadero in resort 5 stelle\u00a0<\/p>\n\t\t\t\t\t\t\n\t\t\t\t\t\t\t\t\t\t\t\t\t\t\t\t\t\t\t<div class=\"price-wrap\">\n\t\t\t\t\t\t\t\t<a href=\"https:\/\/cuba.evolutiontravel.it\/it_IT\/901\/tab\/41607_lavana-e-il-mare-con-escursioni-viaggio-di-gruppo-ponte-1-maggio-data-fissa-speciale-single.html\" target=\"_blank\" rel=\"noopener\"><button class=\"price\"> 1845<\/button><\/a>\n\t\t\t\t\t\t\t<\/div>\n\t\t\t\t\t\t\t\t\t\t\t<\/div>\n\t\t\t\t<\/div>\n\t\t\t<\/li>\n\t\t\t\t\t\t<li  style=\"padding: 23px 0 38px\" class=\"rss_item feedzy-rss-col-3\" >\n\t\t\t\t\t\t\t\t\t<div class=\"rss_image\" style=\"width:225px; height:225px;\">\n\t\t\t\t\t\t<a href=\"https:\/\/cuba.evolutiontravel.it\/it_IT\/901\/tab\/7332_xxvi-edizione-dellhabano-festival-dal-20-al-28-febbraio-2027.html\" target=\"_blank\" \n\t\t\t\t\t\t\trel=\"noopener \"\n\t\t\t\t\t\t\ttitle=\"XXVI Edizione dell&#039;Habano Festival dal 20 al 28 Febbraio 2027\"\n\t\t\t\t\t\t\tstyle=\"width:225px; height:225px;\">\n\t\t\t\t\t\t\t<span class=\"fetched\" style=\"background-image:  url('http:\/\/etcdn.net\/thumbnails\/7332\/it-lavana-xxiv-edizione-dellhabano-festival-dal-26-febbraio-al-1-marzo-2024-7fa38.jpg');\" title=\"XXVI Edizione dell&#039;Habano Festival dal 20 al 28 Febbraio 2027\"><\/span><amp-img width=\"225\" height=\"225\" src=\"http:\/\/etcdn.net\/thumbnails\/7332\/it-lavana-xxiv-edizione-dellhabano-festival-dal-26-febbraio-al-1-marzo-2024-7fa38.jpg\">\t\t\t\t\t\t<\/a>\n\t\t\t\t\t<\/div>\n\t\t\t\t\t\t\t\t<div class=\"rss_content_wrap\">\n\t\t\t\t\t<span class=\"title\">\n\t\t\t\t\t\t<a href=\"https:\/\/cuba.evolutiontravel.it\/it_IT\/901\/tab\/7332_xxvi-edizione-dellhabano-festival-dal-20-al-28-febbraio-2027.html\" target=\"_blank\"  rel=\"noopener \">\n\t\t\t\t\t\t\tXXVI Edizione dell'Habano Festival dal 20 al 28 Febbraio 2027\t\t\t\t\t\t<\/a>\n\t\t\t\t\t<\/span>\n\t\t\t\t\t<div class=\"rss_content\"\n\t\t\t\t\t\t\tstyle=\"\">\n\t\t\t\t\t\t\n\t\t\t\t\t\t\t\t\t\t\t\t<p class=\"description\">Ideale per gli amanti dei sigari Cubani, L'Habano Festival \u00e8 l'evento dedicato ai sigari Premium pi\u00f9 famoso al mondo e si [&hellip;]<\/p>\n\t\t\t\t\t\t\n\t\t\t\t\t\t\t\t\t\t\t\t\t\t\t\t\t\t\t<div class=\"price-wrap\">\n\t\t\t\t\t\t\t\t<a href=\"https:\/\/cuba.evolutiontravel.it\/it_IT\/901\/tab\/7332_xxvi-edizione-dellhabano-festival-dal-20-al-28-febbraio-2027.html\" target=\"_blank\" rel=\"noopener\"><button class=\"price\"> 2174<\/button><\/a>\n\t\t\t\t\t\t\t<\/div>\n\t\t\t\t\t\t\t\t\t\t\t<\/div>\n\t\t\t\t<\/div>\n\t\t\t<\/li>\n\t\t\t\t\t\t<li  style=\"padding: 23px 0 38px\" class=\"rss_item feedzy-rss-col-3\" >\n\t\t\t\t\t\t\t\t\t<div class=\"rss_image\" style=\"width:225px; height:225px;\">\n\t\t\t\t\t\t<a href=\"https:\/\/cuba.evolutiontravel.it\/it_IT\/901\/tab\/3465_melia-varadero-5-stelle.html\" target=\"_blank\" \n\t\t\t\t\t\t\trel=\"noopener \"\n\t\t\t\t\t\t\ttitle=\"Meli\u00e0 Varadero 5 stelle\"\n\t\t\t\t\t\t\tstyle=\"width:225px; height:225px;\">\n\t\t\t\t\t\t\t<span class=\"fetched\" style=\"background-image:  url('http:\/\/etcdn.net\/thumbnails\/3465\/it-varadero-melia-varadero-5-stelle-7cb60.jpg');\" title=\"Meli\u00e0 Varadero 5 stelle\"><\/span><amp-img width=\"225\" height=\"225\" src=\"http:\/\/etcdn.net\/thumbnails\/3465\/it-varadero-melia-varadero-5-stelle-7cb60.jpg\">\t\t\t\t\t\t<\/a>\n\t\t\t\t\t<\/div>\n\t\t\t\t\t\t\t\t<div class=\"rss_content_wrap\">\n\t\t\t\t\t<span class=\"title\">\n\t\t\t\t\t\t<a href=\"https:\/\/cuba.evolutiontravel.it\/it_IT\/901\/tab\/3465_melia-varadero-5-stelle.html\" target=\"_blank\"  rel=\"noopener \">\n\t\t\t\t\t\t\tMeli\u00e0 Varadero 5 stelle\t\t\t\t\t\t<\/a>\n\t\t\t\t\t<\/span>\n\t\t\t\t\t<div class=\"rss_content\"\n\t\t\t\t\t\t\tstyle=\"\">\n\t\t\t\t\t\t\n\t\t\t\t\t\t\t\t\t\t\t\t<p class=\"description\">Cosa fa di Varadero una meta di vacanza fra le pi\u00f9 ambite al mondo in ogni stagione? Sicuramentela sua \"playa Azul\", una delle [&hellip;]<\/p>\n\t\t\t\t\t\t\n\t\t\t\t\t\t\t\t\t\t\t\t\t\t\t\t\t\t\t<div class=\"price-wrap\">\n\t\t\t\t\t\t\t\t<a href=\"https:\/\/cuba.evolutiontravel.it\/it_IT\/901\/tab\/3465_melia-varadero-5-stelle.html\" target=\"_blank\" rel=\"noopener\"><button class=\"price\"> 1490<\/button><\/a>\n\t\t\t\t\t\t\t<\/div>\n\t\t\t\t\t\t\t\t\t\t\t<\/div>\n\t\t\t\t<\/div>\n\t\t\t<\/li>\n\t\t\t\t\t\t<li  style=\"padding: 23px 0 38px\" class=\"rss_item feedzy-rss-col-3\" >\n\t\t\t\t\t\t\t\t\t<div class=\"rss_image\" style=\"width:225px; height:225px;\">\n\t\t\t\t\t\t<a href=\"https:\/\/cuba.evolutiontravel.it\/it_IT\/901\/tab\/41436_lavana-e-il-mare-con-escursioni-viaggio-di-gruppo-ponte-2-giugno-data-fissa.html\" target=\"_blank\" \n\t\t\t\t\t\t\trel=\"noopener \"\n\t\t\t\t\t\t\ttitle=\"L&#039;Avana e il mare con escursioni - Viaggio di gruppo ponte 2 Giugno data fissa\"\n\t\t\t\t\t\t\tstyle=\"width:225px; height:225px;\">\n\t\t\t\t\t\t\t<span class=\"fetched\" style=\"background-image:  url('http:\/\/etcdn.net\/thumbnails\/24724\/it-varadero-la-capitale-e-il-mare-speciale-15-agosto-da-malpensa-fiumicino-venezia-bologna-napoli-8187a.jpg');\" title=\"L&#039;Avana e il mare con escursioni - Viaggio di gruppo ponte 2 Giugno data fissa\"><\/span><amp-img width=\"225\" height=\"225\" src=\"http:\/\/etcdn.net\/thumbnails\/24724\/it-varadero-la-capitale-e-il-mare-speciale-15-agosto-da-malpensa-fiumicino-venezia-bologna-napoli-8187a.jpg\">\t\t\t\t\t\t<\/a>\n\t\t\t\t\t<\/div>\n\t\t\t\t\t\t\t\t<div class=\"rss_content_wrap\">\n\t\t\t\t\t<span class=\"title\">\n\t\t\t\t\t\t<a href=\"https:\/\/cuba.evolutiontravel.it\/it_IT\/901\/tab\/41436_lavana-e-il-mare-con-escursioni-viaggio-di-gruppo-ponte-2-giugno-data-fissa.html\" target=\"_blank\"  rel=\"noopener \">\n\t\t\t\t\t\t\tL'Avana e il mare con escursioni - Viaggio di gruppo ponte 2 Giugno data fissa\t\t\t\t\t\t<\/a>\n\t\t\t\t\t<\/span>\n\t\t\t\t\t<div class=\"rss_content\"\n\t\t\t\t\t\t\tstyle=\"\">\n\t\t\t\t\t\t\n\t\t\t\t\t\t\t\t\t\t\t\t<p class=\"description\">Qualche notte all\u00ec l'Avana e poi sulla\u00a0spiaggia bianca\u00a0di Varadero in resort 5 stelle\u00a0<\/p>\n\t\t\t\t\t\t\n\t\t\t\t\t\t\t\t\t\t\t\t\t\t\t\t\t\t\t<div class=\"price-wrap\">\n\t\t\t\t\t\t\t\t<a href=\"https:\/\/cuba.evolutiontravel.it\/it_IT\/901\/tab\/41436_lavana-e-il-mare-con-escursioni-viaggio-di-gruppo-ponte-2-giugno-data-fissa.html\" target=\"_blank\" rel=\"noopener\"><button class=\"price\"> 1958<\/button><\/a>\n\t\t\t\t\t\t\t<\/div>\n\t\t\t\t\t\t\t\t\t\t\t<\/div>\n\t\t\t\t<\/div>\n\t\t\t<\/li>\n\t\t\t\t\t\t<li  style=\"padding: 23px 0 38px\" class=\"rss_item feedzy-rss-col-3\" >\n\t\t\t\t\t\t\t\t\t<div class=\"rss_image\" style=\"width:225px; height:225px;\">\n\t\t\t\t\t\t<a href=\"https:\/\/cuba.evolutiontravel.it\/it_IT\/901\/tab\/24724_lavana-e-il-mare-con-escursioni-viaggio-di-gruppo-agosto-data-fissa.html\" target=\"_blank\" \n\t\t\t\t\t\t\trel=\"noopener \"\n\t\t\t\t\t\t\ttitle=\"L&#039;Avana e il mare con escursioni - Viaggio di gruppo Agosto data fissa\"\n\t\t\t\t\t\t\tstyle=\"width:225px; height:225px;\">\n\t\t\t\t\t\t\t<span class=\"fetched\" style=\"background-image:  url('http:\/\/etcdn.net\/thumbnails\/24724\/it-varadero-la-capitale-e-il-mare-speciale-15-agosto-da-malpensa-fiumicino-venezia-bologna-napoli-8187a.jpg');\" title=\"L&#039;Avana e il mare con escursioni - Viaggio di gruppo Agosto data fissa\"><\/span><amp-img width=\"225\" height=\"225\" src=\"http:\/\/etcdn.net\/thumbnails\/24724\/it-varadero-la-capitale-e-il-mare-speciale-15-agosto-da-malpensa-fiumicino-venezia-bologna-napoli-8187a.jpg\">\t\t\t\t\t\t<\/a>\n\t\t\t\t\t<\/div>\n\t\t\t\t\t\t\t\t<div class=\"rss_content_wrap\">\n\t\t\t\t\t<span class=\"title\">\n\t\t\t\t\t\t<a href=\"https:\/\/cuba.evolutiontravel.it\/it_IT\/901\/tab\/24724_lavana-e-il-mare-con-escursioni-viaggio-di-gruppo-agosto-data-fissa.html\" target=\"_blank\"  rel=\"noopener \">\n\t\t\t\t\t\t\tL'Avana e il mare con escursioni - Viaggio di gruppo Agosto data fissa\t\t\t\t\t\t<\/a>\n\t\t\t\t\t<\/span>\n\t\t\t\t\t<div class=\"rss_content\"\n\t\t\t\t\t\t\tstyle=\"\">\n\t\t\t\t\t\t\n\t\t\t\t\t\t\t\t\t\t\t\t<p class=\"description\">Qualche notte all\u00ec l'Avana e poi sulla\u00a0spiaggia bianca\u00a0di Varadero in resort 5 stelle\u00a0<\/p>\n\t\t\t\t\t\t\n\t\t\t\t\t\t\t\t\t\t\t\t\t\t\t\t\t\t\t<div class=\"price-wrap\">\n\t\t\t\t\t\t\t\t<a href=\"https:\/\/cuba.evolutiontravel.it\/it_IT\/901\/tab\/24724_lavana-e-il-mare-con-escursioni-viaggio-di-gruppo-agosto-data-fissa.html\" target=\"_blank\" rel=\"noopener\"><button class=\"price\"> 2590<\/button><\/a>\n\t\t\t\t\t\t\t<\/div>\n\t\t\t\t\t\t\t\t\t\t\t<\/div>\n\t\t\t\t<\/div>\n\t\t\t<\/li>\n\t\t\t\t<\/ul>\n<\/div>\n<style type=\"text\/css\" media=\"all\">.feedzy-rss .rss_item .rss_image{float:left;position:relative;border:none;text-decoration:none;max-width:100%}.feedzy-rss .rss_item .rss_image span{display:inline-block;position:absolute;width:100%;height:100%;background-position:50%;background-size:cover}.feedzy-rss .rss_item .rss_image{margin:.3em 1em 0 0;content-visibility:auto}.feedzy-rss ul{list-style:none}.feedzy-rss ul li{display:inline-block}<\/style>\n","protected":false},"excerpt":{"rendered":"<p>Guantanamera \u00e8 una delle canzoni cubane pi\u00f9 famose, entrata oramai a far parte anche della nostra cultura. Il testo della canzone fu preso dalla raccolta Versos Sencillos del famoso scrittore cubano\u00a0 Jos\u00e9 Juli\u00e1n Mart\u00ed P\u00e9rez. Ed \u00e8\u00a0 la musica a caratterizzare pi\u00f9 di ogni altra cosa questo paese. A Cuba sono infatti nati alcuni generi <a class=\"moretag\" href=\"https:\/\/cuba.evolutiontravel.it\/infovacanze\/informazioni\/historia-y-cultura\/\">[&#8230;]<\/a><\/p>\n","protected":false},"author":6,"featured_media":0,"parent":8,"menu_order":0,"comment_status":"closed","ping_status":"open","template":"templates\/template-with-right-sidebar.php","meta":{"footnotes":""},"yoast_head":"<!-- This site is optimized with the Yoast SEO plugin v21.9.1 - https:\/\/yoast.com\/wordpress\/plugins\/seo\/ -->\n<title>Cuba, dalla musica a Che Guevara passando musei e gallerie d&#039;arte<\/title>\n<meta name=\"description\" content=\"Scopri con noi la storia e la cultura di Cuba: 300 musei, pi\u00f9 di 100 gallerie d\u2019arte, 46 scuole d\u2019arte e 70 teatri. Richiedi le nostre offerte!\" \/>\n<meta name=\"robots\" content=\"index, follow, max-snippet:-1, max-image-preview:large, max-video-preview:-1\" \/>\n<link rel=\"canonical\" href=\"https:\/\/cuba.evolutiontravel.it\/infovacanze\/informazioni\/historia-y-cultura\/\" \/>\n<meta property=\"og:locale\" content=\"it_IT\" \/>\n<meta property=\"og:type\" content=\"article\" \/>\n<meta property=\"og:title\" content=\"Cuba, dalla musica a Che Guevara passando musei e gallerie d&#039;arte\" \/>\n<meta property=\"og:description\" content=\"Scopri con noi la storia e la cultura di Cuba: 300 musei, pi\u00f9 di 100 gallerie d\u2019arte, 46 scuole d\u2019arte e 70 teatri. Richiedi le nostre offerte!\" \/>\n<meta property=\"og:url\" content=\"https:\/\/cuba.evolutiontravel.it\/infovacanze\/informazioni\/historia-y-cultura\/\" \/>\n<meta property=\"og:site_name\" content=\"Cuba\" \/>\n<meta property=\"article:modified_time\" content=\"2019-03-20T08:30:32+00:00\" \/>\n<meta name=\"twitter:label1\" content=\"Tempo di lettura stimato\" \/>\n\t<meta name=\"twitter:data1\" content=\"2 minuti\" \/>\n<script type=\"application\/ld+json\" class=\"yoast-schema-graph\">{\"@context\":\"https:\/\/schema.org\",\"@graph\":[{\"@type\":\"WebPage\",\"@id\":\"https:\/\/cuba.evolutiontravel.it\/infovacanze\/informazioni\/historia-y-cultura\/\",\"url\":\"https:\/\/cuba.evolutiontravel.it\/infovacanze\/informazioni\/historia-y-cultura\/\",\"name\":\"Cuba, dalla musica a Che Guevara passando musei e gallerie d'arte\",\"isPartOf\":{\"@id\":\"https:\/\/cuba.evolutiontravel.it\/infovacanze\/#website\"},\"datePublished\":\"2014-06-25T15:45:33+00:00\",\"dateModified\":\"2019-03-20T08:30:32+00:00\",\"description\":\"Scopri con noi la storia e la cultura di Cuba: 300 musei, pi\u00f9 di 100 gallerie d\u2019arte, 46 scuole d\u2019arte e 70 teatri. Richiedi le nostre offerte!\",\"breadcrumb\":{\"@id\":\"https:\/\/cuba.evolutiontravel.it\/infovacanze\/informazioni\/historia-y-cultura\/#breadcrumb\"},\"inLanguage\":\"it-IT\",\"potentialAction\":[{\"@type\":\"ReadAction\",\"target\":[\"https:\/\/cuba.evolutiontravel.it\/infovacanze\/informazioni\/historia-y-cultura\/\"]}]},{\"@type\":\"BreadcrumbList\",\"@id\":\"https:\/\/cuba.evolutiontravel.it\/infovacanze\/informazioni\/historia-y-cultura\/#breadcrumb\",\"itemListElement\":[{\"@type\":\"ListItem\",\"position\":1,\"name\":\"Informazioni su Cuba\",\"item\":\"https:\/\/cuba.evolutiontravel.it\/infovacanze\/informazioni\/\"},{\"@type\":\"ListItem\",\"position\":2,\"name\":\"Cuba, non solo mare!\"}]},{\"@type\":\"WebSite\",\"@id\":\"https:\/\/cuba.evolutiontravel.it\/infovacanze\/#website\",\"url\":\"https:\/\/cuba.evolutiontravel.it\/infovacanze\/\",\"name\":\"Cuba\",\"description\":\"\",\"potentialAction\":[{\"@type\":\"SearchAction\",\"target\":{\"@type\":\"EntryPoint\",\"urlTemplate\":\"https:\/\/cuba.evolutiontravel.it\/infovacanze\/?s={search_term_string}\"},\"query-input\":\"required name=search_term_string\"}],\"inLanguage\":\"it-IT\"}]}<\/script>\n<!-- \/ Yoast SEO plugin. -->","yoast_head_json":{"title":"Cuba, dalla musica a Che Guevara passando musei e gallerie d'arte","description":"Scopri con noi la storia e la cultura di Cuba: 300 musei, pi\u00f9 di 100 gallerie d\u2019arte, 46 scuole d\u2019arte e 70 teatri. Richiedi le nostre offerte!","robots":{"index":"index","follow":"follow","max-snippet":"max-snippet:-1","max-image-preview":"max-image-preview:large","max-video-preview":"max-video-preview:-1"},"canonical":"https:\/\/cuba.evolutiontravel.it\/infovacanze\/informazioni\/historia-y-cultura\/","og_locale":"it_IT","og_type":"article","og_title":"Cuba, dalla musica a Che Guevara passando musei e gallerie d'arte","og_description":"Scopri con noi la storia e la cultura di Cuba: 300 musei, pi\u00f9 di 100 gallerie d\u2019arte, 46 scuole d\u2019arte e 70 teatri. Richiedi le nostre offerte!","og_url":"https:\/\/cuba.evolutiontravel.it\/infovacanze\/informazioni\/historia-y-cultura\/","og_site_name":"Cuba","article_modified_time":"2019-03-20T08:30:32+00:00","twitter_misc":{"Tempo di lettura stimato":"2 minuti"},"schema":{"@context":"https:\/\/schema.org","@graph":[{"@type":"WebPage","@id":"https:\/\/cuba.evolutiontravel.it\/infovacanze\/informazioni\/historia-y-cultura\/","url":"https:\/\/cuba.evolutiontravel.it\/infovacanze\/informazioni\/historia-y-cultura\/","name":"Cuba, dalla musica a Che Guevara passando musei e gallerie d'arte","isPartOf":{"@id":"https:\/\/cuba.evolutiontravel.it\/infovacanze\/#website"},"datePublished":"2014-06-25T15:45:33+00:00","dateModified":"2019-03-20T08:30:32+00:00","description":"Scopri con noi la storia e la cultura di Cuba: 300 musei, pi\u00f9 di 100 gallerie d\u2019arte, 46 scuole d\u2019arte e 70 teatri. Richiedi le nostre offerte!","breadcrumb":{"@id":"https:\/\/cuba.evolutiontravel.it\/infovacanze\/informazioni\/historia-y-cultura\/#breadcrumb"},"inLanguage":"it-IT","potentialAction":[{"@type":"ReadAction","target":["https:\/\/cuba.evolutiontravel.it\/infovacanze\/informazioni\/historia-y-cultura\/"]}]},{"@type":"BreadcrumbList","@id":"https:\/\/cuba.evolutiontravel.it\/infovacanze\/informazioni\/historia-y-cultura\/#breadcrumb","itemListElement":[{"@type":"ListItem","position":1,"name":"Informazioni su Cuba","item":"https:\/\/cuba.evolutiontravel.it\/infovacanze\/informazioni\/"},{"@type":"ListItem","position":2,"name":"Cuba, non solo mare!"}]},{"@type":"WebSite","@id":"https:\/\/cuba.evolutiontravel.it\/infovacanze\/#website","url":"https:\/\/cuba.evolutiontravel.it\/infovacanze\/","name":"Cuba","description":"","potentialAction":[{"@type":"SearchAction","target":{"@type":"EntryPoint","urlTemplate":"https:\/\/cuba.evolutiontravel.it\/infovacanze\/?s={search_term_string}"},"query-input":"required name=search_term_string"}],"inLanguage":"it-IT"}]}},"_links":{"self":[{"href":"https:\/\/cuba.evolutiontravel.it\/infovacanze\/wp-json\/wp\/v2\/pages\/48"}],"collection":[{"href":"https:\/\/cuba.evolutiontravel.it\/infovacanze\/wp-json\/wp\/v2\/pages"}],"about":[{"href":"https:\/\/cuba.evolutiontravel.it\/infovacanze\/wp-json\/wp\/v2\/types\/page"}],"author":[{"embeddable":true,"href":"https:\/\/cuba.evolutiontravel.it\/infovacanze\/wp-json\/wp\/v2\/users\/6"}],"replies":[{"embeddable":true,"href":"https:\/\/cuba.evolutiontravel.it\/infovacanze\/wp-json\/wp\/v2\/comments?post=48"}],"version-history":[{"count":11,"href":"https:\/\/cuba.evolutiontravel.it\/infovacanze\/wp-json\/wp\/v2\/pages\/48\/revisions"}],"predecessor-version":[{"id":563,"href":"https:\/\/cuba.evolutiontravel.it\/infovacanze\/wp-json\/wp\/v2\/pages\/48\/revisions\/563"}],"up":[{"embeddable":true,"href":"https:\/\/cuba.evolutiontravel.it\/infovacanze\/wp-json\/wp\/v2\/pages\/8"}],"wp:attachment":[{"href":"https:\/\/cuba.evolutiontravel.it\/infovacanze\/wp-json\/wp\/v2\/media?parent=48"}],"curies":[{"name":"wp","href":"https:\/\/api.w.org\/{rel}","templated":true}]}}