{"id":475,"date":"2018-03-02T11:21:17","date_gmt":"2018-03-02T10:21:17","guid":{"rendered":"http:\/\/cuba.evolutiontravel.it\/infovacanze\/?page_id=475"},"modified":"2019-06-17T15:20:03","modified_gmt":"2019-06-17T13:20:03","slug":"cayos","status":"publish","type":"page","link":"https:\/\/cuba.evolutiontravel.it\/infovacanze\/davedere\/cayos\/","title":{"rendered":"Cayo a Cuba"},"content":{"rendered":"<p>I <strong>cayo<\/strong> sono piccole isole <strong>intorno a Cuba <\/strong>che si sono formate dalla barriera corallina.<\/p>\n<p>Tra i cayos <strong>pi\u00f9 famosi<\/strong> del paese troviamo:<\/p>\n<ul>\n<li><strong>Cayo Levisa<\/strong>, del gruppo Los Colorados;<\/li>\n<li><strong>Cayo Fragoso<\/strong>, con il suo faro, del gruppo Sabana-Camag\u00fcey, a cui si aggiungono Franc\u00e9s, Santa Mar\u00eda, Guillermo, <strong>Cayo Coco<\/strong>, Romano e Sabinal;<\/li>\n<li><strong>Cayo Largo <\/strong>dell\u2019arcipelago di Los Canarreos;<\/li>\n<li><strong>Cayos di San Felipe<\/strong>, ristretto habitat di una specie rara di roditore, il juti\u00edta de la tierra.<\/li>\n<\/ul>\n<p><strong>Cuba \u00e8 l\u2019isola principale di questo arcipelago<\/strong>. Nelle vicinanze ci sono 4 gruppi insulari. <strong>Los Colorados<\/strong> con appunto ben 160 cayo e <strong>Sabana-Camag\u00fcey<\/strong>, il pi\u00f9 numeroso, con 2.517 tra isole, cayo e cayuelos.<\/p>\n<p style=\"text-align: center\">Cayo Levisa<\/p>\n<p><img loading=\"lazy\" decoding=\"async\" class=\"size-full wp-image-531 aligncenter\" src=\"https:\/\/cuba.evolutiontravel.it\/infovacanze\/wp-content\/uploads\/sites\/22\/2019\/03\/cayo-levisa.jpg\" alt=\"cayo levisa\" width=\"900\" height=\"500\" srcset=\"https:\/\/cuba.evolutiontravel.it\/infovacanze\/wp-content\/uploads\/sites\/22\/2019\/03\/cayo-levisa.jpg 900w, https:\/\/cuba.evolutiontravel.it\/infovacanze\/wp-content\/uploads\/sites\/22\/2019\/03\/cayo-levisa-300x167.jpg 300w, https:\/\/cuba.evolutiontravel.it\/infovacanze\/wp-content\/uploads\/sites\/22\/2019\/03\/cayo-levisa-768x427.jpg 768w\" sizes=\"(max-width: 900px) 100vw, 900px\" \/><\/p>\n<p>&nbsp;<\/p>\n<p>Su questi isolotti ci sono diverse attrazioni da vedere. Per esempio a Cayo Coco non perdete assolutamente la <strong>Grotta del Cinghiale<\/strong> (<em>La Cueva Del Jabali<\/em>).<\/p>\n<p>E&#8217; una <strong>caverna in mezzo al bosco<\/strong> creata dalle acque del mare milioni di anni fa. In questa grotta c&#8217;\u00e8 una <strong>discoteca<\/strong> e si organizzano dei veri e propri &#8220;cave party&#8221;!<\/p>\n<p>E sempre qui, un&#8217;altra bella occasione \u00e8 <strong>l&#8217;escursione con il treno d&#8217;epoca<\/strong>.\u00a0 Una locomotiva del 1866 che parte da Cayo Coco e passa attraverso paesaggi naturali e zone archeologiche.<\/p>\n<p>Si possono ammirare la <strong>laguna de Leche<\/strong> dal suo colore caratteristico per la mescolanza di acque dolci e marine, e <strong>la Redonda<\/strong>, un lago circondato da boschi tropicali e ricco di trote.<\/p>\n<p style=\"text-align: center\">Google Maps &#8211; Cayo Coco<\/p>\n<p style=\"text-align: center\"><img loading=\"lazy\" decoding=\"async\" class=\"alignnone size-full wp-image-584\" src=\"https:\/\/cuba.evolutiontravel.it\/infovacanze\/wp-content\/uploads\/sites\/22\/2019\/03\/cayo-coco-cuba.jpg\" alt=\"cayo coco\" width=\"1231\" height=\"456\" srcset=\"https:\/\/cuba.evolutiontravel.it\/infovacanze\/wp-content\/uploads\/sites\/22\/2019\/03\/cayo-coco-cuba.jpg 1231w, https:\/\/cuba.evolutiontravel.it\/infovacanze\/wp-content\/uploads\/sites\/22\/2019\/03\/cayo-coco-cuba-300x111.jpg 300w, https:\/\/cuba.evolutiontravel.it\/infovacanze\/wp-content\/uploads\/sites\/22\/2019\/03\/cayo-coco-cuba-768x284.jpg 768w, https:\/\/cuba.evolutiontravel.it\/infovacanze\/wp-content\/uploads\/sites\/22\/2019\/03\/cayo-coco-cuba-1024x379.jpg 1024w\" sizes=\"(max-width: 1231px) 100vw, 1231px\" \/><\/p>\n<p style=\"text-align: left\">Cayo Coco pu\u00f2 essere la <strong>meta di un&#8217;escursione<\/strong> se partite, ad esempio, da <a title=\"trinidad\" href=\"https:\/\/cuba.evolutiontravel.it\/infovacanze\/davedere\/cuba-trinidad\/\">Trinidad<\/a> e in questo caso potete <a title=\"cuba in auto\" href=\"https:\/\/cuba.evolutiontravel.it\/infovacanze\/informazioni\/cuba-in-auto\/\">noleggiare un&#8217;auto<\/a> oppure prendere il c.d. taxi particular.<\/p>\n<p>Dopo bagni e tuffi in mare, consigliamo di fare un giro a <strong>Moron<\/strong>, con la sua <strong>Trocha<\/strong> (la muraglia difensiva cubana) e il gallo che troneggia nella piazza. Qui potrete ascoltare ottima musica proveniente dalla casa de la musica.<\/p>\n<p>&nbsp;<\/p>\n<h2 style=\"text-align: center\">CUBA: <span style=\"color: #008000\">noleggio auto<\/span> e <span style=\"color: #008000\">Fly &amp; Drive<\/span><\/h2>\n<p style=\"text-align: center\">Evolution Travel vi propone per Cuba diverse tipologie di viaggio tra le quali pacchetti &#8220;<strong>noleggio auto<\/strong>&#8221; e &#8220;<strong>Fly &amp; Drive<\/strong>&#8220;.<\/p>\n<p style=\"text-align: center\"><strong><span style=\"color: #008000\">CLICCA SUBITO PER SCOPRIRE I DETTAGLI!<\/span><\/strong><\/p>\n<p><div class=\"feedzy-fad2234608c0077132777ba64400293b feedzy-rss\">\n\t\t<ul class=\"feedzy-style2\">\n\t\t\t\t\t<li  style=\"padding: 23px 0 38px\" class=\"rss_item feedzy-rss-col-2\" >\n\t\t\t\t\t\t\t\t\t<div class=\"rss_image\" style=\"width:225px; height:225px;\">\n\t\t\t\t\t\t<a href=\"https:\/\/cuba.evolutiontravel.it\/it_IT\/901\/tab\/32589_fly-drive-soggiorno-mare-a-cayo-guillermo.html\" target=\"_blank\" \n\t\t\t\t\t\t\trel=\"noopener \"\n\t\t\t\t\t\t\ttitle=\"Fly &amp; Drive + Soggiorno Mare a Cayo Guillermo\"\n\t\t\t\t\t\t\tstyle=\"width:225px; height:225px;\">\n\t\t\t\t\t\t\t<span class=\"fetched\" style=\"background-image:  url('http:\/\/etcdn.net\/thumbnails\/32589\/it-lavana-fly-drive-soggiorno-mare-a-cayo-guillermo-524e8.jpg');\" title=\"Fly &amp; Drive + Soggiorno Mare a Cayo Guillermo\"><\/span><amp-img width=\"225\" height=\"225\" src=\"http:\/\/etcdn.net\/thumbnails\/32589\/it-lavana-fly-drive-soggiorno-mare-a-cayo-guillermo-524e8.jpg\">\t\t\t\t\t\t<\/a>\n\t\t\t\t\t<\/div>\n\t\t\t\t\t\t\t\t<div class=\"rss_content_wrap\">\n\t\t\t\t\t<span class=\"title\">\n\t\t\t\t\t\t<a href=\"https:\/\/cuba.evolutiontravel.it\/it_IT\/901\/tab\/32589_fly-drive-soggiorno-mare-a-cayo-guillermo.html\" target=\"_blank\"  rel=\"noopener \">\n\t\t\t\t\t\t\tFly &amp; Drive + Soggiorno Mare a Cayo Guillermo\t\t\t\t\t\t<\/a>\n\t\t\t\t\t<\/span>\n\t\t\t\t\t<div class=\"rss_content\"\n\t\t\t\t\t\t\tstyle=\"\">\n\t\t\t\t\t\t\n\t\t\t\t\t\t\t\t\t\t\t\t<p class=\"description\">Un viaggio in totale\u00a0autonomia\u00a0e\u00a0sicurezza per visitare\u00a0le principali citt\u00e0 di Cuba per finire con un soggiorno mare a Cayo [&hellip;]<\/p>\n\t\t\t\t\t\t\n\t\t\t\t\t\t\t\t\t\t\t\t\t\t\t\t\t\t\t<div class=\"price-wrap\">\n\t\t\t\t\t\t\t\t<a href=\"https:\/\/cuba.evolutiontravel.it\/it_IT\/901\/tab\/32589_fly-drive-soggiorno-mare-a-cayo-guillermo.html\" target=\"_blank\" rel=\"noopener\"><button class=\"price\"> 2390<\/button><\/a>\n\t\t\t\t\t\t\t<\/div>\n\t\t\t\t\t\t\t\t\t\t\t<\/div>\n\t\t\t\t<\/div>\n\t\t\t<\/li>\n\t\t\t\t\t\t<li  style=\"padding: 23px 0 38px\" class=\"rss_item feedzy-rss-col-2\" >\n\t\t\t\t\t\t\t\t\t<div class=\"rss_image\" style=\"width:225px; height:225px;\">\n\t\t\t\t\t\t<a href=\"https:\/\/cuba.evolutiontravel.it\/it_IT\/901\/tab\/32343_fly-drive-soggiorno-mare-a-varadero.html\" target=\"_blank\" \n\t\t\t\t\t\t\trel=\"noopener \"\n\t\t\t\t\t\t\ttitle=\"Fly &amp; Drive + Soggiorno Mare a Varadero\"\n\t\t\t\t\t\t\tstyle=\"width:225px; height:225px;\">\n\t\t\t\t\t\t\t<span class=\"fetched\" style=\"background-image:  url('http:\/\/etcdn.net\/thumbnails\/32343\/it-lavana-fly-drive-soggiorno-mare-a-varadero-50c42.jpg');\" title=\"Fly &amp; Drive + Soggiorno Mare a Varadero\"><\/span><amp-img width=\"225\" height=\"225\" src=\"http:\/\/etcdn.net\/thumbnails\/32343\/it-lavana-fly-drive-soggiorno-mare-a-varadero-50c42.jpg\">\t\t\t\t\t\t<\/a>\n\t\t\t\t\t<\/div>\n\t\t\t\t\t\t\t\t<div class=\"rss_content_wrap\">\n\t\t\t\t\t<span class=\"title\">\n\t\t\t\t\t\t<a href=\"https:\/\/cuba.evolutiontravel.it\/it_IT\/901\/tab\/32343_fly-drive-soggiorno-mare-a-varadero.html\" target=\"_blank\"  rel=\"noopener \">\n\t\t\t\t\t\t\tFly &amp; Drive + Soggiorno Mare a Varadero\t\t\t\t\t\t<\/a>\n\t\t\t\t\t<\/span>\n\t\t\t\t\t<div class=\"rss_content\"\n\t\t\t\t\t\t\tstyle=\"\">\n\t\t\t\t\t\t\n\t\t\t\t\t\t\t\t\t\t\t\t<p class=\"description\">Ideale per chi vuole visitare Cuba in autonomia ma in totale sicurezza! Voli dall'Italia, noleggio auto, pernottamenti e [&hellip;]<\/p>\n\t\t\t\t\t\t\n\t\t\t\t\t\t\t\t\t\t\t\t\t\t\t\t\t\t\t<div class=\"price-wrap\">\n\t\t\t\t\t\t\t\t<a href=\"https:\/\/cuba.evolutiontravel.it\/it_IT\/901\/tab\/32343_fly-drive-soggiorno-mare-a-varadero.html\" target=\"_blank\" rel=\"noopener\"><button class=\"price\"> 1795<\/button><\/a>\n\t\t\t\t\t\t\t<\/div>\n\t\t\t\t\t\t\t\t\t\t\t<\/div>\n\t\t\t\t<\/div>\n\t\t\t<\/li>\n\t\t\t\t<\/ul>\n<\/div>\n<style type=\"text\/css\" media=\"all\">.feedzy-rss .rss_item .rss_image{float:left;position:relative;border:none;text-decoration:none;max-width:100%}.feedzy-rss .rss_item .rss_image span{display:inline-block;position:absolute;width:100%;height:100%;background-position:50%;background-size:cover}.feedzy-rss .rss_item .rss_image{margin:.3em 1em 0 0;content-visibility:auto}.feedzy-rss ul{list-style:none}.feedzy-rss ul li{display:inline-block}<\/style><br \/>\n<div class=\"feedzy-a9aaf172f5911c266f75acc74c5478fc feedzy-rss\">\n\t\t<ul class=\"feedzy-style2\">\n\t\t\t\t\t<li  style=\"padding: 23px 0 38px\" class=\"rss_item feedzy-rss-col-3\" >\n\t\t\t\t\t\t\t\t\t<div class=\"rss_image\" style=\"width:225px; height:225px;\">\n\t\t\t\t\t\t<a href=\"https:\/\/cuba.evolutiontravel.it\/it_IT\/901\/tab\/7327_fly-drive-tra-i-luoghi-della-revolucion-da-bayamo-alla-baia-dei-porci.html\" target=\"_blank\" \n\t\t\t\t\t\t\trel=\"noopener \"\n\t\t\t\t\t\t\ttitle=\"Fly &amp; Drive Tra i Luoghi della Revolucion, da Bayamo alla Baia dei Porci\"\n\t\t\t\t\t\t\tstyle=\"width:225px; height:225px;\">\n\t\t\t\t\t\t\t<span class=\"fetched\" style=\"background-image:  url('http:\/\/etcdn.net\/thumbnails\/7327\/it-lavana-fly-drive-tra-i-luoghi-della-revolucion-da-bayamo-alla-baia-dei-porci-5f39f.jpg');\" title=\"Fly &amp; Drive Tra i Luoghi della Revolucion, da Bayamo alla Baia dei Porci\"><\/span><amp-img width=\"225\" height=\"225\" src=\"http:\/\/etcdn.net\/thumbnails\/7327\/it-lavana-fly-drive-tra-i-luoghi-della-revolucion-da-bayamo-alla-baia-dei-porci-5f39f.jpg\">\t\t\t\t\t\t<\/a>\n\t\t\t\t\t<\/div>\n\t\t\t\t\t\t\t\t<div class=\"rss_content_wrap\">\n\t\t\t\t\t<span class=\"title\">\n\t\t\t\t\t\t<a href=\"https:\/\/cuba.evolutiontravel.it\/it_IT\/901\/tab\/7327_fly-drive-tra-i-luoghi-della-revolucion-da-bayamo-alla-baia-dei-porci.html\" target=\"_blank\"  rel=\"noopener \">\n\t\t\t\t\t\t\tFly &amp; Drive Tra i Luoghi della Revolucion, da Bayamo alla Baia dei Porci\t\t\t\t\t\t<\/a>\n\t\t\t\t\t<\/span>\n\t\t\t\t\t<div class=\"rss_content\"\n\t\t\t\t\t\t\tstyle=\"\">\n\t\t\t\t\t\t\n\t\t\t\t\t\t\t\t\t\t\t\t<p class=\"description\">.... un percorso bello e coinvolgente...forse uno degli itinerari turistici pi\u00f9 interessanti, quello che passa tra i luoghi [&hellip;]<\/p>\n\t\t\t\t\t\t\n\t\t\t\t\t\t\t\t\t\t\t\t\t\t\t\t\t\t\t<div class=\"price-wrap\">\n\t\t\t\t\t\t\t\t<a href=\"https:\/\/cuba.evolutiontravel.it\/it_IT\/901\/tab\/7327_fly-drive-tra-i-luoghi-della-revolucion-da-bayamo-alla-baia-dei-porci.html\" target=\"_blank\" rel=\"noopener\"><button class=\"price\"> 1790<\/button><\/a>\n\t\t\t\t\t\t\t<\/div>\n\t\t\t\t\t\t\t\t\t\t\t<\/div>\n\t\t\t\t<\/div>\n\t\t\t<\/li>\n\t\t\t\t<\/ul>\n<\/div>\n<style type=\"text\/css\" media=\"all\">.feedzy-rss .rss_item .rss_image{float:left;position:relative;border:none;text-decoration:none;max-width:100%}.feedzy-rss .rss_item .rss_image span{display:inline-block;position:absolute;width:100%;height:100%;background-position:50%;background-size:cover}.feedzy-rss .rss_item .rss_image{margin:.3em 1em 0 0;content-visibility:auto}.feedzy-rss ul{list-style:none}.feedzy-rss ul li{display:inline-block}<\/style><\/p>\n","protected":false},"excerpt":{"rendered":"<p>I cayo sono piccole isole intorno a Cuba che si sono formate dalla barriera corallina. Tra i cayos pi\u00f9 famosi del paese troviamo: Cayo Levisa, del gruppo Los Colorados; Cayo Fragoso, con il suo faro, del gruppo Sabana-Camag\u00fcey, a cui si aggiungono Franc\u00e9s, Santa Mar\u00eda, Guillermo, Cayo Coco, Romano e Sabinal; Cayo Largo dell\u2019arcipelago di <a class=\"moretag\" href=\"https:\/\/cuba.evolutiontravel.it\/infovacanze\/davedere\/cayos\/\">[&#8230;]<\/a><\/p>\n","protected":false},"author":6,"featured_media":0,"parent":114,"menu_order":0,"comment_status":"closed","ping_status":"closed","template":"templates\/template-with-right-sidebar.php","meta":{"footnotes":""},"yoast_head":"<!-- This site is optimized with the Yoast SEO plugin v21.9.1 - https:\/\/yoast.com\/wordpress\/plugins\/seo\/ -->\n<title>Cayo di Cuba: isolotti per vacanze di mare e non solo<\/title>\n<meta name=\"description\" content=\"Scopri i pi\u00f9 bei cayos di Cuba per le tue vacanze al mare ma non solo al mare: ecco una guida con consigli utili per vacanze super!\" \/>\n<meta name=\"robots\" content=\"index, follow, max-snippet:-1, max-image-preview:large, max-video-preview:-1\" \/>\n<link rel=\"canonical\" href=\"https:\/\/cuba.evolutiontravel.it\/infovacanze\/davedere\/cayos\/\" \/>\n<meta property=\"og:locale\" content=\"it_IT\" \/>\n<meta property=\"og:type\" content=\"article\" \/>\n<meta property=\"og:title\" content=\"Cayo di Cuba: isolotti per vacanze di mare e non solo\" \/>\n<meta property=\"og:description\" content=\"Scopri i pi\u00f9 bei cayos di Cuba per le tue vacanze al mare ma non solo al mare: ecco una guida con consigli utili per vacanze super!\" \/>\n<meta property=\"og:url\" content=\"https:\/\/cuba.evolutiontravel.it\/infovacanze\/davedere\/cayos\/\" \/>\n<meta property=\"og:site_name\" content=\"Cuba\" \/>\n<meta property=\"article:modified_time\" content=\"2019-06-17T13:20:03+00:00\" \/>\n<meta property=\"og:image\" content=\"https:\/\/cuba.evolutiontravel.it\/infovacanze\/wp-content\/uploads\/sites\/22\/2019\/03\/cayo-levisa.jpg\" \/>\n<meta name=\"twitter:label1\" content=\"Tempo di lettura stimato\" \/>\n\t<meta name=\"twitter:data1\" content=\"2 minuti\" \/>\n<script type=\"application\/ld+json\" class=\"yoast-schema-graph\">{\"@context\":\"https:\/\/schema.org\",\"@graph\":[{\"@type\":\"WebPage\",\"@id\":\"https:\/\/cuba.evolutiontravel.it\/infovacanze\/davedere\/cayos\/\",\"url\":\"https:\/\/cuba.evolutiontravel.it\/infovacanze\/davedere\/cayos\/\",\"name\":\"Cayo di Cuba: isolotti per vacanze di mare e non solo\",\"isPartOf\":{\"@id\":\"https:\/\/cuba.evolutiontravel.it\/infovacanze\/#website\"},\"datePublished\":\"2018-03-02T10:21:17+00:00\",\"dateModified\":\"2019-06-17T13:20:03+00:00\",\"description\":\"Scopri i pi\u00f9 bei cayos di Cuba per le tue vacanze al mare ma non solo al mare: ecco una guida con consigli utili per vacanze super!\",\"breadcrumb\":{\"@id\":\"https:\/\/cuba.evolutiontravel.it\/infovacanze\/davedere\/cayos\/#breadcrumb\"},\"inLanguage\":\"it-IT\",\"potentialAction\":[{\"@type\":\"ReadAction\",\"target\":[\"https:\/\/cuba.evolutiontravel.it\/infovacanze\/davedere\/cayos\/\"]}]},{\"@type\":\"BreadcrumbList\",\"@id\":\"https:\/\/cuba.evolutiontravel.it\/infovacanze\/davedere\/cayos\/#breadcrumb\",\"itemListElement\":[{\"@type\":\"ListItem\",\"position\":1,\"name\":\"Luoghi e attrazioni da non perdere a Cuba\",\"item\":\"https:\/\/cuba.evolutiontravel.it\/infovacanze\/davedere\/\"},{\"@type\":\"ListItem\",\"position\":2,\"name\":\"Cayo a Cuba\"}]},{\"@type\":\"WebSite\",\"@id\":\"https:\/\/cuba.evolutiontravel.it\/infovacanze\/#website\",\"url\":\"https:\/\/cuba.evolutiontravel.it\/infovacanze\/\",\"name\":\"Cuba\",\"description\":\"\",\"potentialAction\":[{\"@type\":\"SearchAction\",\"target\":{\"@type\":\"EntryPoint\",\"urlTemplate\":\"https:\/\/cuba.evolutiontravel.it\/infovacanze\/?s={search_term_string}\"},\"query-input\":\"required name=search_term_string\"}],\"inLanguage\":\"it-IT\"}]}<\/script>\n<!-- \/ Yoast SEO plugin. -->","yoast_head_json":{"title":"Cayo di Cuba: isolotti per vacanze di mare e non solo","description":"Scopri i pi\u00f9 bei cayos di Cuba per le tue vacanze al mare ma non solo al mare: ecco una guida con consigli utili per vacanze super!","robots":{"index":"index","follow":"follow","max-snippet":"max-snippet:-1","max-image-preview":"max-image-preview:large","max-video-preview":"max-video-preview:-1"},"canonical":"https:\/\/cuba.evolutiontravel.it\/infovacanze\/davedere\/cayos\/","og_locale":"it_IT","og_type":"article","og_title":"Cayo di Cuba: isolotti per vacanze di mare e non solo","og_description":"Scopri i pi\u00f9 bei cayos di Cuba per le tue vacanze al mare ma non solo al mare: ecco una guida con consigli utili per vacanze super!","og_url":"https:\/\/cuba.evolutiontravel.it\/infovacanze\/davedere\/cayos\/","og_site_name":"Cuba","article_modified_time":"2019-06-17T13:20:03+00:00","og_image":[{"url":"https:\/\/cuba.evolutiontravel.it\/infovacanze\/wp-content\/uploads\/sites\/22\/2019\/03\/cayo-levisa.jpg"}],"twitter_misc":{"Tempo di lettura stimato":"2 minuti"},"schema":{"@context":"https:\/\/schema.org","@graph":[{"@type":"WebPage","@id":"https:\/\/cuba.evolutiontravel.it\/infovacanze\/davedere\/cayos\/","url":"https:\/\/cuba.evolutiontravel.it\/infovacanze\/davedere\/cayos\/","name":"Cayo di Cuba: isolotti per vacanze di mare e non solo","isPartOf":{"@id":"https:\/\/cuba.evolutiontravel.it\/infovacanze\/#website"},"datePublished":"2018-03-02T10:21:17+00:00","dateModified":"2019-06-17T13:20:03+00:00","description":"Scopri i pi\u00f9 bei cayos di Cuba per le tue vacanze al mare ma non solo al mare: ecco una guida con consigli utili per vacanze super!","breadcrumb":{"@id":"https:\/\/cuba.evolutiontravel.it\/infovacanze\/davedere\/cayos\/#breadcrumb"},"inLanguage":"it-IT","potentialAction":[{"@type":"ReadAction","target":["https:\/\/cuba.evolutiontravel.it\/infovacanze\/davedere\/cayos\/"]}]},{"@type":"BreadcrumbList","@id":"https:\/\/cuba.evolutiontravel.it\/infovacanze\/davedere\/cayos\/#breadcrumb","itemListElement":[{"@type":"ListItem","position":1,"name":"Luoghi e attrazioni da non perdere a Cuba","item":"https:\/\/cuba.evolutiontravel.it\/infovacanze\/davedere\/"},{"@type":"ListItem","position":2,"name":"Cayo a Cuba"}]},{"@type":"WebSite","@id":"https:\/\/cuba.evolutiontravel.it\/infovacanze\/#website","url":"https:\/\/cuba.evolutiontravel.it\/infovacanze\/","name":"Cuba","description":"","potentialAction":[{"@type":"SearchAction","target":{"@type":"EntryPoint","urlTemplate":"https:\/\/cuba.evolutiontravel.it\/infovacanze\/?s={search_term_string}"},"query-input":"required name=search_term_string"}],"inLanguage":"it-IT"}]}},"_links":{"self":[{"href":"https:\/\/cuba.evolutiontravel.it\/infovacanze\/wp-json\/wp\/v2\/pages\/475"}],"collection":[{"href":"https:\/\/cuba.evolutiontravel.it\/infovacanze\/wp-json\/wp\/v2\/pages"}],"about":[{"href":"https:\/\/cuba.evolutiontravel.it\/infovacanze\/wp-json\/wp\/v2\/types\/page"}],"author":[{"embeddable":true,"href":"https:\/\/cuba.evolutiontravel.it\/infovacanze\/wp-json\/wp\/v2\/users\/6"}],"replies":[{"embeddable":true,"href":"https:\/\/cuba.evolutiontravel.it\/infovacanze\/wp-json\/wp\/v2\/comments?post=475"}],"version-history":[{"count":5,"href":"https:\/\/cuba.evolutiontravel.it\/infovacanze\/wp-json\/wp\/v2\/pages\/475\/revisions"}],"predecessor-version":[{"id":628,"href":"https:\/\/cuba.evolutiontravel.it\/infovacanze\/wp-json\/wp\/v2\/pages\/475\/revisions\/628"}],"up":[{"embeddable":true,"href":"https:\/\/cuba.evolutiontravel.it\/infovacanze\/wp-json\/wp\/v2\/pages\/114"}],"wp:attachment":[{"href":"https:\/\/cuba.evolutiontravel.it\/infovacanze\/wp-json\/wp\/v2\/media?parent=475"}],"curies":[{"name":"wp","href":"https:\/\/api.w.org\/{rel}","templated":true}]}}